{"id":378923,"date":"2024-12-30T21:20:31","date_gmt":"2024-12-30T19:20:32","guid":{"rendered":"https:\/\/maisoncleo.com\/?post_type=product&#038;p=378923"},"modified":"2024-12-30T21:23:23","modified_gmt":"2024-12-30T19:23:23","slug":"fw22-runway-look-18-blouse-en-velours-noir-avec-papillons-dores-et-fausse-fourrure-joanne-copy","status":"publish","type":"product","link":"https:\/\/maisoncleo.com\/fr\/shop\/fw22-runway-look-18-blouse-en-velours-noir-avec-papillons-dores-et-fausse-fourrure-joanne-copy\/","title":{"rendered":"READY-TO-SHIP &#8211; Blouse en velours noir avec papillons dor\u00e9s et fausse fourrure JOANNE"},"content":{"rendered":"<p>Blouse en velours noir avec papillons dor\u00e9s et fausse fourrure.<\/p>\n<p>Grand col et poignets en fausse fourrure beige d\u00e9stock\u00e9e d&rsquo;une maison de Haute couture. Liens corset \u00e0 nouer sur le devant.<\/p>\n<p>LOOK 18 de notre d\u00e9fil\u00e9 automne hiver \u00ab\u00a0L&rsquo;Affranchie\u00a0\u00bb de septembre 2022.<\/p>\n<p>La mod\u00e8le mesure 172 cm et porte une taille S-36.<\/p>\n","protected":false},"excerpt":{"rendered":"<p>Blouse en velours noir avec papillons dor\u00e9s et fausse fourrure. Grand col et poignets en fausse fourrure beige d\u00e9stock\u00e9e d&rsquo;une maison de&hellip;<\/p>\n","protected":false},"featured_media":345081,"template":"","meta":[],"product_brand":[],"product_cat":[913],"product_tag":[],"class_list":{"0":"post-378923","1":"product","2":"type-product","3":"status-publish","4":"has-post-thumbnail","6":"product_cat-ready-to-ship","8":"first","9":"outofstock","10":"taxable","11":"shipping-taxable","12":"purchasable","13":"product-type-variable"},"_links":{"self":[{"href":"https:\/\/maisoncleo.com\/fr\/wp-json\/wp\/v2\/product\/378923","targetHints":{"allow":["GET"]}}],"collection":[{"href":"https:\/\/maisoncleo.com\/fr\/wp-json\/wp\/v2\/product"}],"about":[{"href":"https:\/\/maisoncleo.com\/fr\/wp-json\/wp\/v2\/types\/product"}],"version-history":[{"count":2,"href":"https:\/\/maisoncleo.com\/fr\/wp-json\/wp\/v2\/product\/378923\/revisions"}],"predecessor-version":[{"id":378938,"href":"https:\/\/maisoncleo.com\/fr\/wp-json\/wp\/v2\/product\/378923\/revisions\/378938"}],"wp:featuredmedia":[{"embeddable":true,"href":"https:\/\/maisoncleo.com\/fr\/wp-json\/wp\/v2\/media\/345081"}],"wp:attachment":[{"href":"https:\/\/maisoncleo.com\/fr\/wp-json\/wp\/v2\/media?parent=378923"}],"wp:term":[{"taxonomy":"product_brand","embeddable":true,"href":"https:\/\/maisoncleo.com\/fr\/wp-json\/wp\/v2\/product_brand?post=378923"},{"taxonomy":"product_cat","embeddable":true,"href":"https:\/\/maisoncleo.com\/fr\/wp-json\/wp\/v2\/product_cat?post=378923"},{"taxonomy":"product_tag","embeddable":true,"href":"https:\/\/maisoncleo.com\/fr\/wp-json\/wp\/v2\/product_tag?post=378923"}],"curies":[{"name":"wp","href":"https:\/\/api.w.org\/{rel}","templated":true}]}}