{"id":378768,"date":"2024-12-30T20:45:03","date_gmt":"2024-12-30T18:45:04","guid":{"rendered":"https:\/\/maisoncleo.com\/?post_type=product&#038;p=378768"},"modified":"2024-12-30T20:47:40","modified_gmt":"2024-12-30T18:47:40","slug":"mini-jupe-a-motifs-tigre-en-velours-jade-copy","status":"publish","type":"product","link":"https:\/\/maisoncleo.com\/fr\/shop\/mini-jupe-a-motifs-tigre-en-velours-jade-copy\/","title":{"rendered":"READY-TO-SHIP &#8211; Mini jupe \u00e0 motifs tigre en velours JADE"},"content":{"rendered":"<p>Jupe en velours \u00e9pais \u00e0 motifs tigre, coupe droite, longueur mini. Non doubl\u00e9e. Longueur = 35 cm.<\/p>\n<p>La mod\u00e8le mesure 1m65.<\/p>\n","protected":false},"excerpt":{"rendered":"<p>Jupe en velours \u00e9pais \u00e0 motifs tigre, coupe droite, longueur mini. Non doubl\u00e9e. Longueur = 35 cm. La mod\u00e8le mesure 1m65.<\/p>\n","protected":false},"featured_media":340552,"template":"","meta":[],"product_brand":[],"product_cat":[913],"product_tag":[],"class_list":{"0":"post-378768","1":"product","2":"type-product","3":"status-publish","4":"has-post-thumbnail","6":"product_cat-ready-to-ship","8":"first","9":"instock","10":"taxable","11":"shipping-taxable","12":"purchasable","13":"product-type-variable"},"_links":{"self":[{"href":"https:\/\/maisoncleo.com\/fr\/wp-json\/wp\/v2\/product\/378768","targetHints":{"allow":["GET"]}}],"collection":[{"href":"https:\/\/maisoncleo.com\/fr\/wp-json\/wp\/v2\/product"}],"about":[{"href":"https:\/\/maisoncleo.com\/fr\/wp-json\/wp\/v2\/types\/product"}],"version-history":[{"count":2,"href":"https:\/\/maisoncleo.com\/fr\/wp-json\/wp\/v2\/product\/378768\/revisions"}],"predecessor-version":[{"id":378778,"href":"https:\/\/maisoncleo.com\/fr\/wp-json\/wp\/v2\/product\/378768\/revisions\/378778"}],"wp:featuredmedia":[{"embeddable":true,"href":"https:\/\/maisoncleo.com\/fr\/wp-json\/wp\/v2\/media\/340552"}],"wp:attachment":[{"href":"https:\/\/maisoncleo.com\/fr\/wp-json\/wp\/v2\/media?parent=378768"}],"wp:term":[{"taxonomy":"product_brand","embeddable":true,"href":"https:\/\/maisoncleo.com\/fr\/wp-json\/wp\/v2\/product_brand?post=378768"},{"taxonomy":"product_cat","embeddable":true,"href":"https:\/\/maisoncleo.com\/fr\/wp-json\/wp\/v2\/product_cat?post=378768"},{"taxonomy":"product_tag","embeddable":true,"href":"https:\/\/maisoncleo.com\/fr\/wp-json\/wp\/v2\/product_tag?post=378768"}],"curies":[{"name":"wp","href":"https:\/\/api.w.org\/{rel}","templated":true}]}}