{"id":378712,"date":"2025-01-09T19:40:03","date_gmt":"2024-12-20T16:40:03","guid":{"rendered":"https:\/\/maisoncleo.com\/?post_type=product&#038;p=378712"},"modified":"2025-02-10T11:08:10","modified_gmt":"2025-02-10T09:08:10","slug":"boite-set-de-bougies-noeuds-maisoncleo-x-eska-paris-holidays-capsule-25-25-copy","status":"publish","type":"product","link":"https:\/\/maisoncleo.com\/fr\/shop\/boite-set-de-bougies-noeuds-maisoncleo-x-eska-paris-holidays-capsule-25-25-copy\/","title":{"rendered":"Bougie noeuds MaisonCl\u00e9o x Eska Paris"},"content":{"rendered":"<p>Nous avons collabor\u00e9 avec Quentin, fondateur de Eska, pour faire notre blouse iconique Agn\u00e8s avec 2 liens incarn\u00e9e en bougie. Quentin fabrique chaque bougie \u00e0 la main dans son atelier \u00e0 Paris en utilisant de la cire d\u2019abeille naturelle. Qui a t-il de plus mignon qu\u2019une bougie avec des petits noeuds?<\/p>\n<p>La bougies sera emball\u00e9e dans du papier de soie.<\/p>\n","protected":false},"excerpt":{"rendered":"<p>Nous avons collabor\u00e9 avec Quentin, fondateur de Eska, pour faire notre blouse iconique Agn\u00e8s avec 2 liens incarn\u00e9e en bougie. Quentin fabrique&hellip;<\/p>\n","protected":false},"featured_media":378715,"template":"","meta":[],"product_brand":[],"product_cat":[668,674,661],"product_tag":[],"class_list":{"0":"post-378712","1":"product","2":"type-product","3":"status-publish","4":"has-post-thumbnail","6":"product_cat-capsule","7":"product_cat-tops","8":"product_cat-tout-voir","10":"first","11":"instock","12":"taxable","13":"shipping-taxable","14":"purchasable","15":"product-type-variable"},"_links":{"self":[{"href":"https:\/\/maisoncleo.com\/fr\/wp-json\/wp\/v2\/product\/378712","targetHints":{"allow":["GET"]}}],"collection":[{"href":"https:\/\/maisoncleo.com\/fr\/wp-json\/wp\/v2\/product"}],"about":[{"href":"https:\/\/maisoncleo.com\/fr\/wp-json\/wp\/v2\/types\/product"}],"version-history":[{"count":2,"href":"https:\/\/maisoncleo.com\/fr\/wp-json\/wp\/v2\/product\/378712\/revisions"}],"predecessor-version":[{"id":378719,"href":"https:\/\/maisoncleo.com\/fr\/wp-json\/wp\/v2\/product\/378712\/revisions\/378719"}],"wp:featuredmedia":[{"embeddable":true,"href":"https:\/\/maisoncleo.com\/fr\/wp-json\/wp\/v2\/media\/378715"}],"wp:attachment":[{"href":"https:\/\/maisoncleo.com\/fr\/wp-json\/wp\/v2\/media?parent=378712"}],"wp:term":[{"taxonomy":"product_brand","embeddable":true,"href":"https:\/\/maisoncleo.com\/fr\/wp-json\/wp\/v2\/product_brand?post=378712"},{"taxonomy":"product_cat","embeddable":true,"href":"https:\/\/maisoncleo.com\/fr\/wp-json\/wp\/v2\/product_cat?post=378712"},{"taxonomy":"product_tag","embeddable":true,"href":"https:\/\/maisoncleo.com\/fr\/wp-json\/wp\/v2\/product_tag?post=378712"}],"curies":[{"name":"wp","href":"https:\/\/api.w.org\/{rel}","templated":true}]}}