{"id":377888,"date":"2024-11-17T13:16:29","date_gmt":"2024-12-16T11:16:30","guid":{"rendered":"https:\/\/maisoncleo.com\/?post_type=product&#038;p=377888"},"modified":"2024-12-16T15:09:45","modified_gmt":"2024-12-16T13:09:45","slug":"archive-sale-top-bustier-en-soie-fleurie-a-mini-manches-bouffantes-et-corsage-charlotte","status":"publish","type":"product","link":"https:\/\/maisoncleo.com\/fr\/shop\/archive-sale-top-bustier-en-soie-fleurie-a-mini-manches-bouffantes-et-corsage-charlotte\/","title":{"rendered":"ARCHIVE SALE &#8211; Top bustier en soie fleurie \u00e0 mini manches bouffantes et corsage CHARLOTTE"},"content":{"rendered":"<p>Top bustier en soie fleurie \u00e0 mini manches bouffantes et corsage.<\/p>\n<p>Encolure carr\u00e9e et dessous de poitrine \u00e9lastiqu\u00e9s. Volant\u00e9.<\/p>\n<p>100% soie provenant d&rsquo;un tissu de Haute-Couture.<\/p>\n<p>ARCHIVE SALE : 85 EUROS AU LIEU DE 220 EUROS<\/p>\n","protected":false},"excerpt":{"rendered":"<p>Top bustier en soie fleurie \u00e0 mini manches bouffantes et corsage. Encolure carr\u00e9e et dessous de poitrine \u00e9lastiqu\u00e9s. Volant\u00e9. 100% soie provenant&hellip;<\/p>\n","protected":false},"featured_media":377905,"template":"","meta":[],"product_brand":[],"product_cat":[913],"product_tag":[],"class_list":{"0":"post-377888","1":"product","2":"type-product","3":"status-publish","4":"has-post-thumbnail","6":"product_cat-ready-to-ship","8":"first","9":"instock","10":"taxable","11":"shipping-taxable","12":"purchasable","13":"product-type-variable"},"_links":{"self":[{"href":"https:\/\/maisoncleo.com\/fr\/wp-json\/wp\/v2\/product\/377888","targetHints":{"allow":["GET"]}}],"collection":[{"href":"https:\/\/maisoncleo.com\/fr\/wp-json\/wp\/v2\/product"}],"about":[{"href":"https:\/\/maisoncleo.com\/fr\/wp-json\/wp\/v2\/types\/product"}],"version-history":[{"count":2,"href":"https:\/\/maisoncleo.com\/fr\/wp-json\/wp\/v2\/product\/377888\/revisions"}],"predecessor-version":[{"id":378349,"href":"https:\/\/maisoncleo.com\/fr\/wp-json\/wp\/v2\/product\/377888\/revisions\/378349"}],"wp:featuredmedia":[{"embeddable":true,"href":"https:\/\/maisoncleo.com\/fr\/wp-json\/wp\/v2\/media\/377905"}],"wp:attachment":[{"href":"https:\/\/maisoncleo.com\/fr\/wp-json\/wp\/v2\/media?parent=377888"}],"wp:term":[{"taxonomy":"product_brand","embeddable":true,"href":"https:\/\/maisoncleo.com\/fr\/wp-json\/wp\/v2\/product_brand?post=377888"},{"taxonomy":"product_cat","embeddable":true,"href":"https:\/\/maisoncleo.com\/fr\/wp-json\/wp\/v2\/product_cat?post=377888"},{"taxonomy":"product_tag","embeddable":true,"href":"https:\/\/maisoncleo.com\/fr\/wp-json\/wp\/v2\/product_tag?post=377888"}],"curies":[{"name":"wp","href":"https:\/\/api.w.org\/{rel}","templated":true}]}}