{"id":376724,"date":"2025-01-08T16:43:42","date_gmt":"2025-01-08T14:43:42","guid":{"rendered":"https:\/\/maisoncleo.com\/?post_type=product&#038;p=376724"},"modified":"2026-03-11T14:17:55","modified_gmt":"2026-03-11T12:17:55","slug":"veste-en-laine-a-carreaux-fausse-fourrure-estelle-copy","status":"publish","type":"product","link":"https:\/\/maisoncleo.com\/fr\/shop\/veste-en-laine-a-carreaux-fausse-fourrure-estelle-copy\/","title":{"rendered":"Veste en laine noire fausse fourrure leopard ESTELLE"},"content":{"rendered":"<p><span style=\"font-weight: 400;\">Veste en laine noire avec fausse fourrure l\u00e9opard. Fermeture par des boutons en velours noirs sur le devant, manches longues, coupe large, fausse fourrure l\u00e9opard sur le col et les poignets.<\/span><\/p>\n<p><span style=\"font-weight: 400;\">100% laine.<\/span><\/p>\n<p><span style=\"font-weight: 400;\">Longueur : 55 cm. Vous pouvez demander \u00e0 rallonger si vous le souhaitez.<\/span><\/p>\n<p>Taille normalement. Prenez votre taille habituelle. La mod\u00e8le porte une taille 36 pour son 36.<\/p>\n<p>A lire avant de commander : La fourrure l\u00e9opard d&rsquo;origine visible sur les photos de la veste est maintenant sold out. Les prochaines vestes seront fabriqu\u00e9es avec la nouvelle fourrure l\u00e9opard similaire de la derni\u00e8re photo.<\/p>\n","protected":false},"excerpt":{"rendered":"<p>Veste en laine noire avec fausse fourrure l\u00e9opard. Fermeture par des boutons en velours noirs sur le devant, manches longues, coupe large,&hellip;<\/p>\n","protected":false},"featured_media":376761,"template":"","meta":[],"product_brand":[],"product_cat":[960,668,661,665],"product_tag":[],"class_list":{"0":"post-376724","1":"product","2":"type-product","3":"status-publish","4":"has-post-thumbnail","6":"product_cat-leopard-selection","7":"product_cat-capsule","8":"product_cat-tout-voir","9":"product_cat-vestes-manteaux","11":"first","12":"instock","13":"taxable","14":"shipping-taxable","15":"purchasable","16":"product-type-variable"},"_links":{"self":[{"href":"https:\/\/maisoncleo.com\/fr\/wp-json\/wp\/v2\/product\/376724","targetHints":{"allow":["GET"]}}],"collection":[{"href":"https:\/\/maisoncleo.com\/fr\/wp-json\/wp\/v2\/product"}],"about":[{"href":"https:\/\/maisoncleo.com\/fr\/wp-json\/wp\/v2\/types\/product"}],"version-history":[{"count":4,"href":"https:\/\/maisoncleo.com\/fr\/wp-json\/wp\/v2\/product\/376724\/revisions"}],"predecessor-version":[{"id":380270,"href":"https:\/\/maisoncleo.com\/fr\/wp-json\/wp\/v2\/product\/376724\/revisions\/380270"}],"wp:featuredmedia":[{"embeddable":true,"href":"https:\/\/maisoncleo.com\/fr\/wp-json\/wp\/v2\/media\/376761"}],"wp:attachment":[{"href":"https:\/\/maisoncleo.com\/fr\/wp-json\/wp\/v2\/media?parent=376724"}],"wp:term":[{"taxonomy":"product_brand","embeddable":true,"href":"https:\/\/maisoncleo.com\/fr\/wp-json\/wp\/v2\/product_brand?post=376724"},{"taxonomy":"product_cat","embeddable":true,"href":"https:\/\/maisoncleo.com\/fr\/wp-json\/wp\/v2\/product_cat?post=376724"},{"taxonomy":"product_tag","embeddable":true,"href":"https:\/\/maisoncleo.com\/fr\/wp-json\/wp\/v2\/product_tag?post=376724"}],"curies":[{"name":"wp","href":"https:\/\/api.w.org\/{rel}","templated":true}]}}