{"id":376584,"date":"2024-11-28T15:32:14","date_gmt":"2024-11-28T13:32:15","guid":{"rendered":"https:\/\/maisoncleo.com\/?post_type=product&#038;p=376584"},"modified":"2025-01-01T00:43:01","modified_gmt":"2024-12-31T22:43:01","slug":"archive-jupe-longue-ornee-decailles-de-sirene-blanche-cassees","status":"publish","type":"product","link":"https:\/\/maisoncleo.com\/fr\/shop\/archive-jupe-longue-ornee-decailles-de-sirene-blanche-cassees\/","title":{"rendered":"READY-TO-SHIP &#8211; Mini jupe orn\u00e9e d&rsquo;\u00e9cailles de sir\u00e8ne blanche cass\u00e9es"},"content":{"rendered":"<p>Mini jupe orn\u00e9e d&rsquo;\u00e9cailles de sir\u00e8ne blanche cass\u00e9es. Ajust\u00e9e, taille \u00e9lastique.<\/p>\n","protected":false},"excerpt":{"rendered":"<p>Mini jupe orn\u00e9e d&rsquo;\u00e9cailles de sir\u00e8ne blanche cass\u00e9es. Ajust\u00e9e, taille \u00e9lastique.<\/p>\n","protected":false},"featured_media":376592,"template":"","meta":[],"product_brand":[],"product_cat":[913],"product_tag":[],"class_list":{"0":"post-376584","1":"product","2":"type-product","3":"status-publish","4":"has-post-thumbnail","6":"product_cat-ready-to-ship","8":"first","9":"instock","10":"taxable","11":"shipping-taxable","12":"purchasable","13":"product-type-variable"},"_links":{"self":[{"href":"https:\/\/maisoncleo.com\/fr\/wp-json\/wp\/v2\/product\/376584","targetHints":{"allow":["GET"]}}],"collection":[{"href":"https:\/\/maisoncleo.com\/fr\/wp-json\/wp\/v2\/product"}],"about":[{"href":"https:\/\/maisoncleo.com\/fr\/wp-json\/wp\/v2\/types\/product"}],"version-history":[{"count":3,"href":"https:\/\/maisoncleo.com\/fr\/wp-json\/wp\/v2\/product\/376584\/revisions"}],"predecessor-version":[{"id":379429,"href":"https:\/\/maisoncleo.com\/fr\/wp-json\/wp\/v2\/product\/376584\/revisions\/379429"}],"wp:featuredmedia":[{"embeddable":true,"href":"https:\/\/maisoncleo.com\/fr\/wp-json\/wp\/v2\/media\/376592"}],"wp:attachment":[{"href":"https:\/\/maisoncleo.com\/fr\/wp-json\/wp\/v2\/media?parent=376584"}],"wp:term":[{"taxonomy":"product_brand","embeddable":true,"href":"https:\/\/maisoncleo.com\/fr\/wp-json\/wp\/v2\/product_brand?post=376584"},{"taxonomy":"product_cat","embeddable":true,"href":"https:\/\/maisoncleo.com\/fr\/wp-json\/wp\/v2\/product_cat?post=376584"},{"taxonomy":"product_tag","embeddable":true,"href":"https:\/\/maisoncleo.com\/fr\/wp-json\/wp\/v2\/product_tag?post=376584"}],"curies":[{"name":"wp","href":"https:\/\/api.w.org\/{rel}","templated":true}]}}