{"id":375896,"date":"2024-11-27T17:58:35","date_gmt":"2024-11-27T15:58:35","guid":{"rendered":"https:\/\/maisoncleo.com\/?post_type=product&#038;p=375896"},"modified":"2024-12-30T21:26:46","modified_gmt":"2024-12-30T19:26:46","slug":"archive-gilet","status":"publish","type":"product","link":"https:\/\/maisoncleo.com\/fr\/shop\/archive-gilet\/","title":{"rendered":"READY-TO-SHIP &#8211; Veste en fausse fourrure beige"},"content":{"rendered":"<p>Veste en fausse fourrure beige. Sans manches. Doubl\u00e9e en soie imprim\u00e9e rouge fonc\u00e9 avec le logo \u00ab\u00a0MaisonCl\u00e9o MC\u00a0\u00bb.<\/p>\n","protected":false},"excerpt":{"rendered":"<p>Veste en fausse fourrure beige. Sans manches. Doubl\u00e9e en soie imprim\u00e9e rouge fonc\u00e9 avec le logo \u00ab\u00a0MaisonCl\u00e9o MC\u00a0\u00bb.<\/p>\n","protected":false},"featured_media":375916,"template":"","meta":[],"product_brand":[],"product_cat":[913],"product_tag":[],"class_list":{"0":"post-375896","1":"product","2":"type-product","3":"status-publish","4":"has-post-thumbnail","6":"product_cat-ready-to-ship","8":"first","9":"outofstock","10":"taxable","11":"shipping-taxable","12":"purchasable","13":"product-type-variable"},"_links":{"self":[{"href":"https:\/\/maisoncleo.com\/fr\/wp-json\/wp\/v2\/product\/375896","targetHints":{"allow":["GET"]}}],"collection":[{"href":"https:\/\/maisoncleo.com\/fr\/wp-json\/wp\/v2\/product"}],"about":[{"href":"https:\/\/maisoncleo.com\/fr\/wp-json\/wp\/v2\/types\/product"}],"version-history":[{"count":3,"href":"https:\/\/maisoncleo.com\/fr\/wp-json\/wp\/v2\/product\/375896\/revisions"}],"predecessor-version":[{"id":378940,"href":"https:\/\/maisoncleo.com\/fr\/wp-json\/wp\/v2\/product\/375896\/revisions\/378940"}],"wp:featuredmedia":[{"embeddable":true,"href":"https:\/\/maisoncleo.com\/fr\/wp-json\/wp\/v2\/media\/375916"}],"wp:attachment":[{"href":"https:\/\/maisoncleo.com\/fr\/wp-json\/wp\/v2\/media?parent=375896"}],"wp:term":[{"taxonomy":"product_brand","embeddable":true,"href":"https:\/\/maisoncleo.com\/fr\/wp-json\/wp\/v2\/product_brand?post=375896"},{"taxonomy":"product_cat","embeddable":true,"href":"https:\/\/maisoncleo.com\/fr\/wp-json\/wp\/v2\/product_cat?post=375896"},{"taxonomy":"product_tag","embeddable":true,"href":"https:\/\/maisoncleo.com\/fr\/wp-json\/wp\/v2\/product_tag?post=375896"}],"curies":[{"name":"wp","href":"https:\/\/api.w.org\/{rel}","templated":true}]}}