{"id":375693,"date":"2024-12-10T20:00:51","date_gmt":"2024-11-24T18:00:52","guid":{"rendered":"https:\/\/maisoncleo.com\/?post_type=product&#038;p=375693"},"modified":"2025-04-04T18:53:23","modified_gmt":"2025-04-04T16:53:23","slug":"pack-3-t-shirt-pointelle-pointelle-tanga-pointelle-holidays-capsule-21-25-copy","status":"publish","type":"product","link":"https:\/\/maisoncleo.com\/fr\/shop\/pack-3-t-shirt-pointelle-pointelle-tanga-pointelle-holidays-capsule-21-25-copy\/","title":{"rendered":"PACK 4 : T-shirt coquelicots + culotte coquelicots + tanga coquelicots &#8211; HOLIDAYS CAPSULE 22\/25"},"content":{"rendered":"<p>PACK 4 : T-shirt coquelicots + culotte coquelicots + tanga coquelicots.<\/p>\n<ul>\n<li>T-shirt coquelicots : T-shirt en pointelle coquelicots bord roulott\u00e9, petit noeud en satin rouge. Trop mignon! Fabriqu\u00e9e avec amour et d\u00e9licatesse en jersey pointelle coquelicots.<\/li>\n<li>Culotte pointelle : Culotte en pointelle coquelicots avec petit noeud en satin rouge. Trop mignonne! Fabriqu\u00e9e avec amour et d\u00e9licatesse en jersey pointelle.<\/li>\n<li>Tanga coquelicots : Tanga en jersey pointelle coquelicots. Petit noeud en satin rouge.<\/li>\n<\/ul>\n<p>La mod\u00e8le mesure 1m70 et porte une taille M\/38.<\/p>\n","protected":false},"excerpt":{"rendered":"<p>PACK 4 : T-shirt coquelicots + culotte coquelicots + tanga coquelicots. T-shirt coquelicots : T-shirt en pointelle coquelicots bord roulott\u00e9, petit noeud&hellip;<\/p>\n","protected":false},"featured_media":375674,"template":"","meta":[],"product_brand":[],"product_cat":[668,962,674,661],"product_tag":[],"class_list":{"0":"post-375693","1":"product","2":"type-product","3":"status-publish","4":"has-post-thumbnail","6":"product_cat-capsule","7":"product_cat-sous-vetements-pyjama-selection","8":"product_cat-tops","9":"product_cat-tout-voir","11":"first","12":"outofstock","13":"taxable","14":"shipping-taxable","15":"purchasable","16":"product-type-variable"},"_links":{"self":[{"href":"https:\/\/maisoncleo.com\/fr\/wp-json\/wp\/v2\/product\/375693","targetHints":{"allow":["GET"]}}],"collection":[{"href":"https:\/\/maisoncleo.com\/fr\/wp-json\/wp\/v2\/product"}],"about":[{"href":"https:\/\/maisoncleo.com\/fr\/wp-json\/wp\/v2\/types\/product"}],"version-history":[{"count":2,"href":"https:\/\/maisoncleo.com\/fr\/wp-json\/wp\/v2\/product\/375693\/revisions"}],"predecessor-version":[{"id":375708,"href":"https:\/\/maisoncleo.com\/fr\/wp-json\/wp\/v2\/product\/375693\/revisions\/375708"}],"wp:featuredmedia":[{"embeddable":true,"href":"https:\/\/maisoncleo.com\/fr\/wp-json\/wp\/v2\/media\/375674"}],"wp:attachment":[{"href":"https:\/\/maisoncleo.com\/fr\/wp-json\/wp\/v2\/media?parent=375693"}],"wp:term":[{"taxonomy":"product_brand","embeddable":true,"href":"https:\/\/maisoncleo.com\/fr\/wp-json\/wp\/v2\/product_brand?post=375693"},{"taxonomy":"product_cat","embeddable":true,"href":"https:\/\/maisoncleo.com\/fr\/wp-json\/wp\/v2\/product_cat?post=375693"},{"taxonomy":"product_tag","embeddable":true,"href":"https:\/\/maisoncleo.com\/fr\/wp-json\/wp\/v2\/product_tag?post=375693"}],"curies":[{"name":"wp","href":"https:\/\/api.w.org\/{rel}","templated":true}]}}