{"id":375666,"date":"2024-12-09T19:50:03","date_gmt":"2024-11-24T17:50:04","guid":{"rendered":"https:\/\/maisoncleo.com\/?post_type=product&#038;p=375666"},"modified":"2024-11-24T20:09:53","modified_gmt":"2024-11-24T18:09:53","slug":"pack-2-t-shirt-coquelicots-culotte-coquelicots-xmas-box-holidays-capsule-20-25-copy","status":"publish","type":"product","link":"https:\/\/maisoncleo.com\/fr\/shop\/pack-2-t-shirt-coquelicots-culotte-coquelicots-xmas-box-holidays-capsule-20-25-copy\/","title":{"rendered":"PACK 3 : T-shirt pointelle + culotte pointelle + tanga pointelle &#8211; HOLIDAYS CAPSULE 21\/25"},"content":{"rendered":"<p>PACK 3 : T-shirt pointelle + culotte pointelle + tanga pointelle.<\/p>\n<ul>\n<li>T-shirt pointelle : T-shirt en pointille blanche bord roulott\u00e9 et volants. Trop mignon! Fabriqu\u00e9e avec amour et d\u00e9licatesse en jersey pointelle blanc volant\u00e9. Manches courtes, petit noeud sur le devant.<\/li>\n<li>Culotte pointelle : Culotte en pointelle blanche volant\u00e9e. Jersey pointelle blanc volant\u00e9.<\/li>\n<li>Tanga pointelle : Tanga en jersey pointille blanc. Petit noeud en satin.<\/li>\n<\/ul>\n<p>La mod\u00e8le mesure 1m70 et porte une taille M\/38.<\/p>\n","protected":false},"excerpt":{"rendered":"<p>PACK 3 : T-shirt pointelle + culotte pointelle + tanga pointelle. T-shirt pointelle : T-shirt en pointille blanche bord roulott\u00e9 et volants.&hellip;<\/p>\n","protected":false},"featured_media":375715,"template":"","meta":[],"product_brand":[],"product_cat":[668,962,674,661],"product_tag":[],"class_list":{"0":"post-375666","1":"product","2":"type-product","3":"status-publish","4":"has-post-thumbnail","6":"product_cat-capsule","7":"product_cat-sous-vetements-pyjama-selection","8":"product_cat-tops","9":"product_cat-tout-voir","11":"first","12":"instock","13":"taxable","14":"shipping-taxable","15":"purchasable","16":"product-type-variable"},"_links":{"self":[{"href":"https:\/\/maisoncleo.com\/fr\/wp-json\/wp\/v2\/product\/375666","targetHints":{"allow":["GET"]}}],"collection":[{"href":"https:\/\/maisoncleo.com\/fr\/wp-json\/wp\/v2\/product"}],"about":[{"href":"https:\/\/maisoncleo.com\/fr\/wp-json\/wp\/v2\/types\/product"}],"version-history":[{"count":3,"href":"https:\/\/maisoncleo.com\/fr\/wp-json\/wp\/v2\/product\/375666\/revisions"}],"predecessor-version":[{"id":375709,"href":"https:\/\/maisoncleo.com\/fr\/wp-json\/wp\/v2\/product\/375666\/revisions\/375709"}],"wp:featuredmedia":[{"embeddable":true,"href":"https:\/\/maisoncleo.com\/fr\/wp-json\/wp\/v2\/media\/375715"}],"wp:attachment":[{"href":"https:\/\/maisoncleo.com\/fr\/wp-json\/wp\/v2\/media?parent=375666"}],"wp:term":[{"taxonomy":"product_brand","embeddable":true,"href":"https:\/\/maisoncleo.com\/fr\/wp-json\/wp\/v2\/product_brand?post=375666"},{"taxonomy":"product_cat","embeddable":true,"href":"https:\/\/maisoncleo.com\/fr\/wp-json\/wp\/v2\/product_cat?post=375666"},{"taxonomy":"product_tag","embeddable":true,"href":"https:\/\/maisoncleo.com\/fr\/wp-json\/wp\/v2\/product_tag?post=375666"}],"curies":[{"name":"wp","href":"https:\/\/api.w.org\/{rel}","templated":true}]}}