{"id":375545,"date":"2024-11-24T17:40:03","date_gmt":"2024-11-24T15:40:03","guid":{"rendered":"https:\/\/maisoncleo.com\/?post_type=product&#038;p=375545"},"modified":"2025-05-07T10:20:55","modified_gmt":"2025-05-07T08:20:55","slug":"culotte-basic-pointelle-blanche-volantee-holidays-capsule-12-25-copy","status":"publish","type":"product","link":"https:\/\/maisoncleo.com\/fr\/shop\/culotte-basic-pointelle-blanche-volantee-holidays-capsule-12-25-copy\/","title":{"rendered":"Culotte BASIC pointelle coquelicots avec noeud &#8211; HOLIDAYS CAPSULE 17\/25"},"content":{"rendered":"<p>Culotte en pointelle coquelicots avec petit noeud en satin rouge.<\/p>\n<p>Trop mignonne! Fabriqu\u00e9e avec amour et d\u00e9licatesse en jersey pointelle.<\/p>\n<p>La mod\u00e8le mesure 1m70 et porte une taille M\/38.<\/p>\n","protected":false},"excerpt":{"rendered":"<p>Culotte en pointelle coquelicots avec petit noeud en satin rouge. Trop mignonne! Fabriqu\u00e9e avec amour et d\u00e9licatesse en jersey pointelle. La mod\u00e8le&hellip;<\/p>\n","protected":false},"featured_media":375565,"template":"","meta":[],"product_brand":[],"product_cat":[651,668,962,661],"product_tag":[],"class_list":{"0":"post-375545","1":"product","2":"type-product","3":"status-publish","4":"has-post-thumbnail","6":"product_cat-accessoires","7":"product_cat-capsule","8":"product_cat-sous-vetements-pyjama-selection","9":"product_cat-tout-voir","11":"first","12":"outofstock","13":"taxable","14":"shipping-taxable","15":"purchasable","16":"product-type-variable"},"_links":{"self":[{"href":"https:\/\/maisoncleo.com\/fr\/wp-json\/wp\/v2\/product\/375545","targetHints":{"allow":["GET"]}}],"collection":[{"href":"https:\/\/maisoncleo.com\/fr\/wp-json\/wp\/v2\/product"}],"about":[{"href":"https:\/\/maisoncleo.com\/fr\/wp-json\/wp\/v2\/types\/product"}],"version-history":[{"count":2,"href":"https:\/\/maisoncleo.com\/fr\/wp-json\/wp\/v2\/product\/375545\/revisions"}],"predecessor-version":[{"id":375574,"href":"https:\/\/maisoncleo.com\/fr\/wp-json\/wp\/v2\/product\/375545\/revisions\/375574"}],"wp:featuredmedia":[{"embeddable":true,"href":"https:\/\/maisoncleo.com\/fr\/wp-json\/wp\/v2\/media\/375565"}],"wp:attachment":[{"href":"https:\/\/maisoncleo.com\/fr\/wp-json\/wp\/v2\/media?parent=375545"}],"wp:term":[{"taxonomy":"product_brand","embeddable":true,"href":"https:\/\/maisoncleo.com\/fr\/wp-json\/wp\/v2\/product_brand?post=375545"},{"taxonomy":"product_cat","embeddable":true,"href":"https:\/\/maisoncleo.com\/fr\/wp-json\/wp\/v2\/product_cat?post=375545"},{"taxonomy":"product_tag","embeddable":true,"href":"https:\/\/maisoncleo.com\/fr\/wp-json\/wp\/v2\/product_tag?post=375545"}],"curies":[{"name":"wp","href":"https:\/\/api.w.org\/{rel}","templated":true}]}}