{"id":375361,"date":"2024-11-24T15:15:10","date_gmt":"2024-11-24T13:15:11","guid":{"rendered":"https:\/\/maisoncleo.com\/?post_type=product&#038;p=375361"},"modified":"2024-11-24T15:31:57","modified_gmt":"2024-11-24T13:31:57","slug":"culotte-froufrou-pointelle-blanche-bord-roulotte-et-volants-holidays-capsule-9-25-copy-2","status":"publish","type":"product","link":"https:\/\/maisoncleo.com\/fr\/shop\/culotte-froufrou-pointelle-blanche-bord-roulotte-et-volants-holidays-capsule-9-25-copy-2\/","title":{"rendered":"Tanga MIMI pointelle blanc volant\u00e9 avec noeud &#8211; HOLIDAYS CAPSULE 11\/25"},"content":{"rendered":"<p>Tanga en jersey pointille blanc. Petit noeud en satin.<\/p>\n<p>Fabriqu\u00e9 avec amour et d\u00e9licatesse en jersey pointelle blanc volant\u00e9.<\/p>\n","protected":false},"excerpt":{"rendered":"<p>Tanga en jersey pointille blanc. Petit noeud en satin. Fabriqu\u00e9 avec amour et d\u00e9licatesse en jersey pointelle blanc volant\u00e9.<\/p>\n","protected":false},"featured_media":375371,"template":"","meta":[],"product_brand":[],"product_cat":[651,668,962,661],"product_tag":[],"class_list":{"0":"post-375361","1":"product","2":"type-product","3":"status-publish","4":"has-post-thumbnail","6":"product_cat-accessoires","7":"product_cat-capsule","8":"product_cat-sous-vetements-pyjama-selection","9":"product_cat-tout-voir","11":"first","12":"instock","13":"taxable","14":"shipping-taxable","15":"purchasable","16":"product-type-variable"},"_links":{"self":[{"href":"https:\/\/maisoncleo.com\/fr\/wp-json\/wp\/v2\/product\/375361","targetHints":{"allow":["GET"]}}],"collection":[{"href":"https:\/\/maisoncleo.com\/fr\/wp-json\/wp\/v2\/product"}],"about":[{"href":"https:\/\/maisoncleo.com\/fr\/wp-json\/wp\/v2\/types\/product"}],"version-history":[{"count":2,"href":"https:\/\/maisoncleo.com\/fr\/wp-json\/wp\/v2\/product\/375361\/revisions"}],"predecessor-version":[{"id":375380,"href":"https:\/\/maisoncleo.com\/fr\/wp-json\/wp\/v2\/product\/375361\/revisions\/375380"}],"wp:featuredmedia":[{"embeddable":true,"href":"https:\/\/maisoncleo.com\/fr\/wp-json\/wp\/v2\/media\/375371"}],"wp:attachment":[{"href":"https:\/\/maisoncleo.com\/fr\/wp-json\/wp\/v2\/media?parent=375361"}],"wp:term":[{"taxonomy":"product_brand","embeddable":true,"href":"https:\/\/maisoncleo.com\/fr\/wp-json\/wp\/v2\/product_brand?post=375361"},{"taxonomy":"product_cat","embeddable":true,"href":"https:\/\/maisoncleo.com\/fr\/wp-json\/wp\/v2\/product_cat?post=375361"},{"taxonomy":"product_tag","embeddable":true,"href":"https:\/\/maisoncleo.com\/fr\/wp-json\/wp\/v2\/product_tag?post=375361"}],"curies":[{"name":"wp","href":"https:\/\/api.w.org\/{rel}","templated":true}]}}