{"id":375303,"date":"2024-11-24T14:22:22","date_gmt":"2024-11-24T12:22:23","guid":{"rendered":"https:\/\/maisoncleo.com\/?post_type=product&#038;p=375303"},"modified":"2024-11-24T14:51:38","modified_gmt":"2024-11-24T12:51:38","slug":"culotte-en-dentelle-florale-blanche-avec-petit-noeud-copy","status":"publish","type":"product","link":"https:\/\/maisoncleo.com\/fr\/shop\/culotte-en-dentelle-florale-blanche-avec-petit-noeud-copy\/","title":{"rendered":"Culotte FROUFROU pointelle blanche bord roulott\u00e9 et volants &#8211; HOLIDAYS CAPSULE 9\/25"},"content":{"rendered":"<p>Culotte en pointille blanche bord roulott\u00e9 et volants.<\/p>\n<p>Trop mignonne! Fabriqu\u00e9e avec amour et d\u00e9licatesse en jersey pointelle blanc volant\u00e9.<\/p>\n<p>La mod\u00e8le mesure 1m70 et porte une taille M\/38.<\/p>\n","protected":false},"excerpt":{"rendered":"<p>Culotte en pointille blanche bord roulott\u00e9 et volants. Trop mignonne! Fabriqu\u00e9e avec amour et d\u00e9licatesse en jersey pointelle blanc volant\u00e9. La mod\u00e8le&hellip;<\/p>\n","protected":false},"featured_media":375317,"template":"","meta":[],"product_brand":[],"product_cat":[651,668,962,661],"product_tag":[],"class_list":{"0":"post-375303","1":"product","2":"type-product","3":"status-publish","4":"has-post-thumbnail","6":"product_cat-accessoires","7":"product_cat-capsule","8":"product_cat-sous-vetements-pyjama-selection","9":"product_cat-tout-voir","11":"first","12":"outofstock","13":"taxable","14":"shipping-taxable","15":"purchasable","16":"product-type-variable"},"_links":{"self":[{"href":"https:\/\/maisoncleo.com\/fr\/wp-json\/wp\/v2\/product\/375303","targetHints":{"allow":["GET"]}}],"collection":[{"href":"https:\/\/maisoncleo.com\/fr\/wp-json\/wp\/v2\/product"}],"about":[{"href":"https:\/\/maisoncleo.com\/fr\/wp-json\/wp\/v2\/types\/product"}],"version-history":[{"count":2,"href":"https:\/\/maisoncleo.com\/fr\/wp-json\/wp\/v2\/product\/375303\/revisions"}],"predecessor-version":[{"id":375330,"href":"https:\/\/maisoncleo.com\/fr\/wp-json\/wp\/v2\/product\/375303\/revisions\/375330"}],"wp:featuredmedia":[{"embeddable":true,"href":"https:\/\/maisoncleo.com\/fr\/wp-json\/wp\/v2\/media\/375317"}],"wp:attachment":[{"href":"https:\/\/maisoncleo.com\/fr\/wp-json\/wp\/v2\/media?parent=375303"}],"wp:term":[{"taxonomy":"product_brand","embeddable":true,"href":"https:\/\/maisoncleo.com\/fr\/wp-json\/wp\/v2\/product_brand?post=375303"},{"taxonomy":"product_cat","embeddable":true,"href":"https:\/\/maisoncleo.com\/fr\/wp-json\/wp\/v2\/product_cat?post=375303"},{"taxonomy":"product_tag","embeddable":true,"href":"https:\/\/maisoncleo.com\/fr\/wp-json\/wp\/v2\/product_tag?post=375303"}],"curies":[{"name":"wp","href":"https:\/\/api.w.org\/{rel}","templated":true}]}}