{"id":374029,"date":"2024-11-17T18:20:17","date_gmt":"2024-11-17T16:20:17","guid":{"rendered":"https:\/\/maisoncleo.com\/?post_type=product&#038;p=374029"},"modified":"2024-11-26T14:47:00","modified_gmt":"2024-11-26T12:47:00","slug":"robe-jersey-leopard-miley-copy","status":"publish","type":"product","link":"https:\/\/maisoncleo.com\/fr\/shop\/robe-jersey-leopard-miley-copy\/","title":{"rendered":"Robe jersey leopard longue ADRIANA"},"content":{"rendered":"<p><span style=\"font-weight: 400;\">Robe l\u00e9opard longue fluide en jersey l\u00e9opard. Manches longues, col rond, fente milieu dos.<\/span><\/p>\n<p><span style=\"font-weight: 400;\">Tissu en jersey de l\u00e9opard maille. Robe super facile \u00e0 enfiler et tissu tr\u00e8s agr\u00e9able \u00e0 porter.\u00a0<\/span><\/p>\n<p><span style=\"font-weight: 400;\">La mod\u00e8le mesure 1,70 m et porte une taille S\/36.<\/span><\/p>\n<p>Vous pouvez pr\u00e9cisez votre hauteur dans les commentaires au niveau du panier pour que nous ajustions la longueur en fonction.<\/p>\n","protected":false},"excerpt":{"rendered":"<p>Robe l\u00e9opard longue fluide en jersey l\u00e9opard. Manches longues, col rond, fente milieu dos. Tissu en jersey de l\u00e9opard maille. Robe super&hellip;<\/p>\n","protected":false},"featured_media":374088,"template":"","meta":[],"product_brand":[],"product_cat":[960,668,664,661],"product_tag":[],"class_list":{"0":"post-374029","1":"product","2":"type-product","3":"status-publish","4":"has-post-thumbnail","6":"product_cat-leopard-selection","7":"product_cat-capsule","8":"product_cat-robes","9":"product_cat-tout-voir","11":"first","12":"outofstock","13":"taxable","14":"shipping-taxable","15":"purchasable","16":"product-type-variable"},"_links":{"self":[{"href":"https:\/\/maisoncleo.com\/fr\/wp-json\/wp\/v2\/product\/374029","targetHints":{"allow":["GET"]}}],"collection":[{"href":"https:\/\/maisoncleo.com\/fr\/wp-json\/wp\/v2\/product"}],"about":[{"href":"https:\/\/maisoncleo.com\/fr\/wp-json\/wp\/v2\/types\/product"}],"version-history":[{"count":5,"href":"https:\/\/maisoncleo.com\/fr\/wp-json\/wp\/v2\/product\/374029\/revisions"}],"predecessor-version":[{"id":374079,"href":"https:\/\/maisoncleo.com\/fr\/wp-json\/wp\/v2\/product\/374029\/revisions\/374079"}],"wp:featuredmedia":[{"embeddable":true,"href":"https:\/\/maisoncleo.com\/fr\/wp-json\/wp\/v2\/media\/374088"}],"wp:attachment":[{"href":"https:\/\/maisoncleo.com\/fr\/wp-json\/wp\/v2\/media?parent=374029"}],"wp:term":[{"taxonomy":"product_brand","embeddable":true,"href":"https:\/\/maisoncleo.com\/fr\/wp-json\/wp\/v2\/product_brand?post=374029"},{"taxonomy":"product_cat","embeddable":true,"href":"https:\/\/maisoncleo.com\/fr\/wp-json\/wp\/v2\/product_cat?post=374029"},{"taxonomy":"product_tag","embeddable":true,"href":"https:\/\/maisoncleo.com\/fr\/wp-json\/wp\/v2\/product_tag?post=374029"}],"curies":[{"name":"wp","href":"https:\/\/api.w.org\/{rel}","templated":true}]}}