{"id":373982,"date":"2024-11-17T16:34:47","date_gmt":"2024-11-17T14:34:48","guid":{"rendered":"https:\/\/maisoncleo.com\/?post_type=product&#038;p=373982"},"modified":"2024-11-17T20:26:27","modified_gmt":"2024-11-17T18:26:27","slug":"mini-jupe-plissee-miranda-tartan-rouge-copy","status":"publish","type":"product","link":"https:\/\/maisoncleo.com\/fr\/shop\/mini-jupe-plissee-miranda-tartan-rouge-copy\/","title":{"rendered":"Mini jupe pliss\u00e9e MIRANDA tweed tartan rouge"},"content":{"rendered":"<p>Mini jupe pliss\u00e9e en tissu tweed tartan rouge, noir et blanc, avec fin liser\u00e9 argent\u00e9.<\/p>\n<p>Coupe \u00e9vas\u00e9e. Fermeture \u00e9clair sur le c\u00f4t\u00e9. Non doubl\u00e9e.<\/p>\n<p>La mod\u00e8le mesure 1m72 et porte une taille S-36.<\/p>\n","protected":false},"excerpt":{"rendered":"<p>Mini jupe pliss\u00e9e en tissu tweed tartan rouge, noir et blanc, avec fin liser\u00e9 argent\u00e9. Coupe \u00e9vas\u00e9e. Fermeture \u00e9clair sur le c\u00f4t\u00e9.&hellip;<\/p>\n","protected":false},"featured_media":373900,"template":"","meta":[],"product_brand":[],"product_cat":[672,668,661],"product_tag":[],"class_list":{"0":"post-373982","1":"product","2":"type-product","3":"status-publish","4":"has-post-thumbnail","6":"product_cat-jupes","7":"product_cat-capsule","8":"product_cat-tout-voir","10":"first","11":"instock","12":"taxable","13":"shipping-taxable","14":"purchasable","15":"product-type-variable"},"_links":{"self":[{"href":"https:\/\/maisoncleo.com\/fr\/wp-json\/wp\/v2\/product\/373982","targetHints":{"allow":["GET"]}}],"collection":[{"href":"https:\/\/maisoncleo.com\/fr\/wp-json\/wp\/v2\/product"}],"about":[{"href":"https:\/\/maisoncleo.com\/fr\/wp-json\/wp\/v2\/types\/product"}],"version-history":[{"count":2,"href":"https:\/\/maisoncleo.com\/fr\/wp-json\/wp\/v2\/product\/373982\/revisions"}],"predecessor-version":[{"id":373997,"href":"https:\/\/maisoncleo.com\/fr\/wp-json\/wp\/v2\/product\/373982\/revisions\/373997"}],"wp:featuredmedia":[{"embeddable":true,"href":"https:\/\/maisoncleo.com\/fr\/wp-json\/wp\/v2\/media\/373900"}],"wp:attachment":[{"href":"https:\/\/maisoncleo.com\/fr\/wp-json\/wp\/v2\/media?parent=373982"}],"wp:term":[{"taxonomy":"product_brand","embeddable":true,"href":"https:\/\/maisoncleo.com\/fr\/wp-json\/wp\/v2\/product_brand?post=373982"},{"taxonomy":"product_cat","embeddable":true,"href":"https:\/\/maisoncleo.com\/fr\/wp-json\/wp\/v2\/product_cat?post=373982"},{"taxonomy":"product_tag","embeddable":true,"href":"https:\/\/maisoncleo.com\/fr\/wp-json\/wp\/v2\/product_tag?post=373982"}],"curies":[{"name":"wp","href":"https:\/\/api.w.org\/{rel}","templated":true}]}}