{"id":373957,"date":"2024-11-17T16:24:46","date_gmt":"2024-11-17T14:24:47","guid":{"rendered":"https:\/\/maisoncleo.com\/?post_type=product&#038;p=373957"},"modified":"2025-09-22T13:49:45","modified_gmt":"2025-09-22T11:49:45","slug":"manteau-noir-en-laine-epaisse-avec-fausse-fourrure-noire-isa","status":"publish","type":"product","link":"https:\/\/maisoncleo.com\/fr\/shop\/manteau-noir-en-laine-epaisse-avec-fausse-fourrure-noire-isa\/","title":{"rendered":"Manteau noir en laine \u00e9paisse avec fausse fourrure noire ISA"},"content":{"rendered":"<p>Manteau en laine noire \u00e9paisse, mi-long, manches longues, coupe ajust\u00e9e, fermeture boutons noirs sur le devant. 100% laine \u00e9paisse. La fausse fourrure provient d&rsquo;une maison de Haute-Couture fran\u00e7aise! Nous avons besoin d\u2019environ 5 heures pour en faire un. Doubl\u00e9 en soie.<\/p>\n<p>La mod\u00e8le mesure 1m72 et porte une taille 36.<\/p>\n","protected":false},"excerpt":{"rendered":"<p>Manteau en laine noire \u00e9paisse, mi-long, manches longues, coupe ajust\u00e9e, fermeture boutons noirs sur le devant. 100% laine \u00e9paisse. La fausse fourrure&hellip;<\/p>\n","protected":false},"featured_media":373898,"template":"","meta":[],"product_brand":[],"product_cat":[668,661,665],"product_tag":[],"class_list":{"0":"post-373957","1":"product","2":"type-product","3":"status-publish","4":"has-post-thumbnail","6":"product_cat-capsule","7":"product_cat-tout-voir","8":"product_cat-vestes-manteaux","10":"first","11":"instock","12":"taxable","13":"shipping-taxable","14":"purchasable","15":"product-type-variable"},"_links":{"self":[{"href":"https:\/\/maisoncleo.com\/fr\/wp-json\/wp\/v2\/product\/373957","targetHints":{"allow":["GET"]}}],"collection":[{"href":"https:\/\/maisoncleo.com\/fr\/wp-json\/wp\/v2\/product"}],"about":[{"href":"https:\/\/maisoncleo.com\/fr\/wp-json\/wp\/v2\/types\/product"}],"version-history":[{"count":4,"href":"https:\/\/maisoncleo.com\/fr\/wp-json\/wp\/v2\/product\/373957\/revisions"}],"predecessor-version":[{"id":374917,"href":"https:\/\/maisoncleo.com\/fr\/wp-json\/wp\/v2\/product\/373957\/revisions\/374917"}],"wp:featuredmedia":[{"embeddable":true,"href":"https:\/\/maisoncleo.com\/fr\/wp-json\/wp\/v2\/media\/373898"}],"wp:attachment":[{"href":"https:\/\/maisoncleo.com\/fr\/wp-json\/wp\/v2\/media?parent=373957"}],"wp:term":[{"taxonomy":"product_brand","embeddable":true,"href":"https:\/\/maisoncleo.com\/fr\/wp-json\/wp\/v2\/product_brand?post=373957"},{"taxonomy":"product_cat","embeddable":true,"href":"https:\/\/maisoncleo.com\/fr\/wp-json\/wp\/v2\/product_cat?post=373957"},{"taxonomy":"product_tag","embeddable":true,"href":"https:\/\/maisoncleo.com\/fr\/wp-json\/wp\/v2\/product_tag?post=373957"}],"curies":[{"name":"wp","href":"https:\/\/api.w.org\/{rel}","templated":true}]}}