{"id":373933,"date":"2024-11-17T16:18:01","date_gmt":"2024-11-17T14:18:02","guid":{"rendered":"https:\/\/maisoncleo.com\/?post_type=product&#038;p=373933"},"modified":"2025-11-28T15:51:00","modified_gmt":"2025-11-28T13:51:00","slug":"la-poupette-defile-look-25-veste-ivona-en-fausse-fourrure-oversize-beige-copy","status":"publish","type":"product","link":"https:\/\/maisoncleo.com\/fr\/shop\/la-poupette-defile-look-25-veste-ivona-en-fausse-fourrure-oversize-beige-copy\/","title":{"rendered":"Veste IVONA en fausse fourrure marron"},"content":{"rendered":"<p>Veste en fausse fourrure oversize manches, manches longues.<\/p>\n<p>On adore son c\u00f4t\u00e9 doux et agr\u00e9able au toucher. Poches de chaque c\u00f4t\u00e9. Fermeture avec des crochets. Doubl\u00e9e en soie.<\/p>\n<p>Longueur : 50 cm.<\/p>\n<p>La mod\u00e8le mesure 1m72 et porte une taille S-36.<\/p>\n","protected":false},"excerpt":{"rendered":"<p>Veste en fausse fourrure oversize manches, manches longues. On adore son c\u00f4t\u00e9 doux et agr\u00e9able au toucher. Poches de chaque c\u00f4t\u00e9. Fermeture&hellip;<\/p>\n","protected":false},"featured_media":373818,"template":"","meta":[],"product_brand":[],"product_cat":[668,661,665],"product_tag":[],"class_list":{"0":"post-373933","1":"product","2":"type-product","3":"status-publish","4":"has-post-thumbnail","6":"product_cat-capsule","7":"product_cat-tout-voir","8":"product_cat-vestes-manteaux","10":"first","11":"instock","12":"taxable","13":"shipping-taxable","14":"purchasable","15":"product-type-variable"},"_links":{"self":[{"href":"https:\/\/maisoncleo.com\/fr\/wp-json\/wp\/v2\/product\/373933","targetHints":{"allow":["GET"]}}],"collection":[{"href":"https:\/\/maisoncleo.com\/fr\/wp-json\/wp\/v2\/product"}],"about":[{"href":"https:\/\/maisoncleo.com\/fr\/wp-json\/wp\/v2\/types\/product"}],"version-history":[{"count":3,"href":"https:\/\/maisoncleo.com\/fr\/wp-json\/wp\/v2\/product\/373933\/revisions"}],"predecessor-version":[{"id":373949,"href":"https:\/\/maisoncleo.com\/fr\/wp-json\/wp\/v2\/product\/373933\/revisions\/373949"}],"wp:featuredmedia":[{"embeddable":true,"href":"https:\/\/maisoncleo.com\/fr\/wp-json\/wp\/v2\/media\/373818"}],"wp:attachment":[{"href":"https:\/\/maisoncleo.com\/fr\/wp-json\/wp\/v2\/media?parent=373933"}],"wp:term":[{"taxonomy":"product_brand","embeddable":true,"href":"https:\/\/maisoncleo.com\/fr\/wp-json\/wp\/v2\/product_brand?post=373933"},{"taxonomy":"product_cat","embeddable":true,"href":"https:\/\/maisoncleo.com\/fr\/wp-json\/wp\/v2\/product_cat?post=373933"},{"taxonomy":"product_tag","embeddable":true,"href":"https:\/\/maisoncleo.com\/fr\/wp-json\/wp\/v2\/product_tag?post=373933"}],"curies":[{"name":"wp","href":"https:\/\/api.w.org\/{rel}","templated":true}]}}