{"id":373813,"date":"2024-11-17T11:19:44","date_gmt":"2024-11-17T09:19:45","guid":{"rendered":"https:\/\/maisoncleo.com\/?post_type=product&#038;p=373813"},"modified":"2024-11-26T08:36:30","modified_gmt":"2024-11-26T06:36:30","slug":"le-tote-bag-maisoncleo-automne-2024-copy","status":"publish","type":"product","link":"https:\/\/maisoncleo.com\/fr\/shop\/le-tote-bag-maisoncleo-automne-2024-copy\/","title":{"rendered":"Sac cabas en fausse fourrure marron"},"content":{"rendered":"<p>Notre sac cabas de l&rsquo;hiver 2024! Fabriqu\u00e9 dans une fausse fourrure marron tr\u00e8s douce.<\/p>\n<p>Anses pour un port\u00e9 \u00e9paule, poche \u00e0 l&rsquo;int\u00e9rieur. Parfait pour garder toutes vos affaires aupr\u00e8s de vous.<\/p>\n<p>Fabriqu\u00e9 \u00e0 la commande en France dans notre atelier.<\/p>\n","protected":false},"excerpt":{"rendered":"<p>Notre sac cabas de l&rsquo;hiver 2024! Fabriqu\u00e9 dans une fausse fourrure marron tr\u00e8s douce. Anses pour un port\u00e9 \u00e9paule, poche \u00e0 l&rsquo;int\u00e9rieur.&hellip;<\/p>\n","protected":false},"featured_media":373862,"template":"","meta":[],"product_brand":[],"product_cat":[651,668,652,661],"product_tag":[],"class_list":{"0":"post-373813","1":"product","2":"type-product","3":"status-publish","4":"has-post-thumbnail","6":"product_cat-accessoires","7":"product_cat-capsule","8":"product_cat-sacs","9":"product_cat-tout-voir","11":"first","12":"instock","13":"taxable","14":"shipping-taxable","15":"purchasable","16":"product-type-variable","17":"has-default-attributes"},"_links":{"self":[{"href":"https:\/\/maisoncleo.com\/fr\/wp-json\/wp\/v2\/product\/373813","targetHints":{"allow":["GET"]}}],"collection":[{"href":"https:\/\/maisoncleo.com\/fr\/wp-json\/wp\/v2\/product"}],"about":[{"href":"https:\/\/maisoncleo.com\/fr\/wp-json\/wp\/v2\/types\/product"}],"version-history":[{"count":3,"href":"https:\/\/maisoncleo.com\/fr\/wp-json\/wp\/v2\/product\/373813\/revisions"}],"predecessor-version":[{"id":373925,"href":"https:\/\/maisoncleo.com\/fr\/wp-json\/wp\/v2\/product\/373813\/revisions\/373925"}],"wp:featuredmedia":[{"embeddable":true,"href":"https:\/\/maisoncleo.com\/fr\/wp-json\/wp\/v2\/media\/373862"}],"wp:attachment":[{"href":"https:\/\/maisoncleo.com\/fr\/wp-json\/wp\/v2\/media?parent=373813"}],"wp:term":[{"taxonomy":"product_brand","embeddable":true,"href":"https:\/\/maisoncleo.com\/fr\/wp-json\/wp\/v2\/product_brand?post=373813"},{"taxonomy":"product_cat","embeddable":true,"href":"https:\/\/maisoncleo.com\/fr\/wp-json\/wp\/v2\/product_cat?post=373813"},{"taxonomy":"product_tag","embeddable":true,"href":"https:\/\/maisoncleo.com\/fr\/wp-json\/wp\/v2\/product_tag?post=373813"}],"curies":[{"name":"wp","href":"https:\/\/api.w.org\/{rel}","templated":true}]}}