{"id":373386,"date":"2024-11-01T21:57:17","date_gmt":"2024-11-01T19:57:18","guid":{"rendered":"https:\/\/maisoncleo.com\/?post_type=product&#038;p=373386"},"modified":"2025-04-12T16:38:01","modified_gmt":"2025-04-12T14:38:01","slug":"blouse-en-laine-epaisse-carreaux-marrons-vanessa-copy","status":"publish","type":"product","link":"https:\/\/maisoncleo.com\/fr\/shop\/blouse-en-laine-epaisse-carreaux-marrons-vanessa-copy\/","title":{"rendered":"Blouse en tweed de coton \u00e9cru Ang\u00e8le"},"content":{"rendered":"<p>Notre blouse Ang\u00e8le en tweed de coton \u00e9cru, liens sur le devant, \u00e9lastique \u00e0 la taille, manches 3\/4 bouffantes. Tissu provenant d&rsquo;une maison de Couture fran\u00e7aise.<\/p>\n<p>La mod\u00e8le porte une taille 36.<\/p>\n","protected":false},"excerpt":{"rendered":"<p>Notre blouse Ang\u00e8le en tweed de coton \u00e9cru, liens sur le devant, \u00e9lastique \u00e0 la taille, manches 3\/4 bouffantes. Tissu provenant d&rsquo;une&hellip;<\/p>\n","protected":false},"featured_media":373370,"template":"","meta":[],"product_brand":[],"product_cat":[662,663,667,958,661],"product_tag":[],"class_list":{"0":"post-373386","1":"product","2":"type-product","3":"status-publish","4":"has-post-thumbnail","6":"product_cat-basiques","7":"product_cat-blouses","8":"product_cat-dernieres-pieces","9":"product_cat-mariage-selection","10":"product_cat-tout-voir","12":"first","13":"instock","14":"taxable","15":"shipping-taxable","16":"purchasable","17":"product-type-variable"},"_links":{"self":[{"href":"https:\/\/maisoncleo.com\/fr\/wp-json\/wp\/v2\/product\/373386","targetHints":{"allow":["GET"]}}],"collection":[{"href":"https:\/\/maisoncleo.com\/fr\/wp-json\/wp\/v2\/product"}],"about":[{"href":"https:\/\/maisoncleo.com\/fr\/wp-json\/wp\/v2\/types\/product"}],"version-history":[{"count":3,"href":"https:\/\/maisoncleo.com\/fr\/wp-json\/wp\/v2\/product\/373386\/revisions"}],"predecessor-version":[{"id":373402,"href":"https:\/\/maisoncleo.com\/fr\/wp-json\/wp\/v2\/product\/373386\/revisions\/373402"}],"wp:featuredmedia":[{"embeddable":true,"href":"https:\/\/maisoncleo.com\/fr\/wp-json\/wp\/v2\/media\/373370"}],"wp:attachment":[{"href":"https:\/\/maisoncleo.com\/fr\/wp-json\/wp\/v2\/media?parent=373386"}],"wp:term":[{"taxonomy":"product_brand","embeddable":true,"href":"https:\/\/maisoncleo.com\/fr\/wp-json\/wp\/v2\/product_brand?post=373386"},{"taxonomy":"product_cat","embeddable":true,"href":"https:\/\/maisoncleo.com\/fr\/wp-json\/wp\/v2\/product_cat?post=373386"},{"taxonomy":"product_tag","embeddable":true,"href":"https:\/\/maisoncleo.com\/fr\/wp-json\/wp\/v2\/product_tag?post=373386"}],"curies":[{"name":"wp","href":"https:\/\/api.w.org\/{rel}","templated":true}]}}