{"id":371607,"date":"2024-10-08T14:52:55","date_gmt":"2024-10-08T12:52:55","guid":{"rendered":"https:\/\/maisoncleo.com\/?post_type=product&#038;p=371607"},"modified":"2024-10-10T11:51:54","modified_gmt":"2024-10-10T09:51:54","slug":"jupe-alba-en-mousseline-de-soie-blanc-casse","status":"publish","type":"product","link":"https:\/\/maisoncleo.com\/fr\/shop\/jupe-alba-en-mousseline-de-soie-blanc-casse\/","title":{"rendered":"Jupe ALBA en mousseline de soie blanc cass\u00e9"},"content":{"rendered":"<p><span style=\"font-weight: 400;\">Jupe en organza de soie blanc cass\u00e9 volant\u00e9e.<\/span><\/p>\n<p><span style=\"font-weight: 400;\">Volants sur la taille et le bas de la jupe, coupe trapeze, fermeture \u00e9clair sur le c\u00f4t\u00e9.<\/span><\/p>\n<p><span style=\"font-weight: 400;\">Doubl\u00e9e. 100% soie.<\/span><\/p>\n<p><span style=\"font-weight: 400;\">A porter avec notre blouse assortie.<\/span><\/p>\n","protected":false},"excerpt":{"rendered":"<p>Jupe en organza de soie blanc cass\u00e9 volant\u00e9e. Volants sur la taille et le bas de la jupe, coupe trapeze, fermeture \u00e9clair&hellip;<\/p>\n","protected":false},"featured_media":371777,"template":"","meta":[],"product_brand":[],"product_cat":[672,958,668,661],"product_tag":[],"class_list":{"0":"post-371607","1":"product","2":"type-product","3":"status-publish","4":"has-post-thumbnail","6":"product_cat-jupes","7":"product_cat-mariage-selection","8":"product_cat-capsule","9":"product_cat-tout-voir","11":"first","12":"instock","13":"taxable","14":"shipping-taxable","15":"purchasable","16":"product-type-variable"},"_links":{"self":[{"href":"https:\/\/maisoncleo.com\/fr\/wp-json\/wp\/v2\/product\/371607","targetHints":{"allow":["GET"]}}],"collection":[{"href":"https:\/\/maisoncleo.com\/fr\/wp-json\/wp\/v2\/product"}],"about":[{"href":"https:\/\/maisoncleo.com\/fr\/wp-json\/wp\/v2\/types\/product"}],"version-history":[{"count":1,"href":"https:\/\/maisoncleo.com\/fr\/wp-json\/wp\/v2\/product\/371607\/revisions"}],"predecessor-version":[{"id":371612,"href":"https:\/\/maisoncleo.com\/fr\/wp-json\/wp\/v2\/product\/371607\/revisions\/371612"}],"wp:featuredmedia":[{"embeddable":true,"href":"https:\/\/maisoncleo.com\/fr\/wp-json\/wp\/v2\/media\/371777"}],"wp:attachment":[{"href":"https:\/\/maisoncleo.com\/fr\/wp-json\/wp\/v2\/media?parent=371607"}],"wp:term":[{"taxonomy":"product_brand","embeddable":true,"href":"https:\/\/maisoncleo.com\/fr\/wp-json\/wp\/v2\/product_brand?post=371607"},{"taxonomy":"product_cat","embeddable":true,"href":"https:\/\/maisoncleo.com\/fr\/wp-json\/wp\/v2\/product_cat?post=371607"},{"taxonomy":"product_tag","embeddable":true,"href":"https:\/\/maisoncleo.com\/fr\/wp-json\/wp\/v2\/product_tag?post=371607"}],"curies":[{"name":"wp","href":"https:\/\/api.w.org\/{rel}","templated":true}]}}