{"id":371602,"date":"2024-10-08T14:50:10","date_gmt":"2024-10-08T12:50:10","guid":{"rendered":"https:\/\/maisoncleo.com\/?post_type=product&#038;p=371602"},"modified":"2024-10-10T11:50:13","modified_gmt":"2024-10-10T09:50:13","slug":"blouse-ariane-en-mousseline-de-soie-blanc-casse-texturee","status":"publish","type":"product","link":"https:\/\/maisoncleo.com\/fr\/shop\/blouse-ariane-en-mousseline-de-soie-blanc-casse-texturee\/","title":{"rendered":"Blouse ARIANE en mousseline de soie blanc cass\u00e9 textur\u00e9e"},"content":{"rendered":"<p><span style=\"font-weight: 400;\">Deux manches bouffantes, volants dans le bas de la blouse et des manches, deux liens sur le devant, l\u00e9g\u00e8rement transparente.<br \/>\nTissu textur\u00e9 gaufr\u00e9 en soie.<\/span><\/p>\n<p><span style=\"font-weight: 400;\">100% soie.<\/span><\/p>\n<p><span style=\"font-weight: 400;\">A porter avec notre jupe assortie.<\/span><\/p>\n","protected":false},"excerpt":{"rendered":"<p>Deux manches bouffantes, volants dans le bas de la blouse et des manches, deux liens sur le devant, l\u00e9g\u00e8rement transparente. Tissu textur\u00e9&hellip;<\/p>\n","protected":false},"featured_media":372526,"template":"","meta":[],"product_brand":[],"product_cat":[663,668,661],"product_tag":[],"class_list":{"0":"post-371602","1":"product","2":"type-product","3":"status-publish","4":"has-post-thumbnail","6":"product_cat-blouses","7":"product_cat-capsule","8":"product_cat-tout-voir","10":"first","11":"instock","12":"taxable","13":"shipping-taxable","14":"purchasable","15":"product-type-variable"},"_links":{"self":[{"href":"https:\/\/maisoncleo.com\/fr\/wp-json\/wp\/v2\/product\/371602","targetHints":{"allow":["GET"]}}],"collection":[{"href":"https:\/\/maisoncleo.com\/fr\/wp-json\/wp\/v2\/product"}],"about":[{"href":"https:\/\/maisoncleo.com\/fr\/wp-json\/wp\/v2\/types\/product"}],"version-history":[{"count":1,"href":"https:\/\/maisoncleo.com\/fr\/wp-json\/wp\/v2\/product\/371602\/revisions"}],"predecessor-version":[{"id":371605,"href":"https:\/\/maisoncleo.com\/fr\/wp-json\/wp\/v2\/product\/371602\/revisions\/371605"}],"wp:featuredmedia":[{"embeddable":true,"href":"https:\/\/maisoncleo.com\/fr\/wp-json\/wp\/v2\/media\/372526"}],"wp:attachment":[{"href":"https:\/\/maisoncleo.com\/fr\/wp-json\/wp\/v2\/media?parent=371602"}],"wp:term":[{"taxonomy":"product_brand","embeddable":true,"href":"https:\/\/maisoncleo.com\/fr\/wp-json\/wp\/v2\/product_brand?post=371602"},{"taxonomy":"product_cat","embeddable":true,"href":"https:\/\/maisoncleo.com\/fr\/wp-json\/wp\/v2\/product_cat?post=371602"},{"taxonomy":"product_tag","embeddable":true,"href":"https:\/\/maisoncleo.com\/fr\/wp-json\/wp\/v2\/product_tag?post=371602"}],"curies":[{"name":"wp","href":"https:\/\/api.w.org\/{rel}","templated":true}]}}