{"id":371598,"date":"2024-10-09T09:20:19","date_gmt":"2024-10-09T07:20:19","guid":{"rendered":"https:\/\/maisoncleo.com\/?post_type=product&#038;p=371598"},"modified":"2024-10-09T11:54:05","modified_gmt":"2024-10-09T09:54:05","slug":"blouse-angelina-volantee-en-dentelle","status":"publish","type":"product","link":"https:\/\/maisoncleo.com\/fr\/shop\/blouse-angelina-volantee-en-dentelle\/","title":{"rendered":"Blouse Angelina volant\u00e9e en dentelle"},"content":{"rendered":"<p><span style=\"font-weight: 400;\">Blouse volant\u00e9e en dentelle blanc cass\u00e9e, manches longues larges, rang\u00e9e de volants sur le d\u00e9collet\u00e9, 3 liens sur le devant.<\/span><\/p>\n<p><span style=\"font-weight: 400;\"> Cette dentelle fran\u00e7aise a \u00e9t\u00e9 fabriqu\u00e9e pour l\u2019un des mariages les plus connus du monde, alors c\u2019est un tissu tr\u00e8s sp\u00e9cial.<\/span><\/p>\n<p><span style=\"font-weight: 400;\"> Longueur devant le milieu dos : 38 cm.<\/span><\/p>\n<p><span style=\"font-weight: 400;\">La mod\u00e8le mesure 1,72 m.<\/span><\/p>\n","protected":false},"excerpt":{"rendered":"<p>Blouse volant\u00e9e en dentelle blanc cass\u00e9e, manches longues larges, rang\u00e9e de volants sur le d\u00e9collet\u00e9, 3 liens sur le devant. Cette dentelle&hellip;<\/p>\n","protected":false},"featured_media":371127,"template":"","meta":[],"product_brand":[],"product_cat":[663,958,668,661],"product_tag":[],"class_list":{"0":"post-371598","1":"product","2":"type-product","3":"status-publish","4":"has-post-thumbnail","6":"product_cat-blouses","7":"product_cat-mariage-selection","8":"product_cat-capsule","9":"product_cat-tout-voir","11":"first","12":"outofstock","13":"taxable","14":"shipping-taxable","15":"purchasable","16":"product-type-variable"},"_links":{"self":[{"href":"https:\/\/maisoncleo.com\/fr\/wp-json\/wp\/v2\/product\/371598","targetHints":{"allow":["GET"]}}],"collection":[{"href":"https:\/\/maisoncleo.com\/fr\/wp-json\/wp\/v2\/product"}],"about":[{"href":"https:\/\/maisoncleo.com\/fr\/wp-json\/wp\/v2\/types\/product"}],"version-history":[{"count":1,"href":"https:\/\/maisoncleo.com\/fr\/wp-json\/wp\/v2\/product\/371598\/revisions"}],"predecessor-version":[{"id":371604,"href":"https:\/\/maisoncleo.com\/fr\/wp-json\/wp\/v2\/product\/371598\/revisions\/371604"}],"wp:featuredmedia":[{"embeddable":true,"href":"https:\/\/maisoncleo.com\/fr\/wp-json\/wp\/v2\/media\/371127"}],"wp:attachment":[{"href":"https:\/\/maisoncleo.com\/fr\/wp-json\/wp\/v2\/media?parent=371598"}],"wp:term":[{"taxonomy":"product_brand","embeddable":true,"href":"https:\/\/maisoncleo.com\/fr\/wp-json\/wp\/v2\/product_brand?post=371598"},{"taxonomy":"product_cat","embeddable":true,"href":"https:\/\/maisoncleo.com\/fr\/wp-json\/wp\/v2\/product_cat?post=371598"},{"taxonomy":"product_tag","embeddable":true,"href":"https:\/\/maisoncleo.com\/fr\/wp-json\/wp\/v2\/product_tag?post=371598"}],"curies":[{"name":"wp","href":"https:\/\/api.w.org\/{rel}","templated":true}]}}