{"id":371591,"date":"2024-10-08T14:40:59","date_gmt":"2024-10-08T12:44:59","guid":{"rendered":"https:\/\/maisoncleo.com\/?post_type=product&#038;p=371591"},"modified":"2024-10-31T13:10:31","modified_gmt":"2024-10-31T11:10:31","slug":"robe-beige-plissee-a-rayures-natasha","status":"publish","type":"product","link":"https:\/\/maisoncleo.com\/fr\/shop\/robe-beige-plissee-a-rayures-natasha\/","title":{"rendered":"Robe beige pliss\u00e9e \u00e0 rayures NATASHA"},"content":{"rendered":"<p><span style=\"font-weight: 400;\">Robe beige pliss\u00e9e \u00e0 rayures. Sans manches, coupe ajust\u00e9e, pliss\u00e9e dans le bas, fermeture \u00e9clair dans le dos.<\/span><\/p>\n<p><span style=\"font-weight: 400;\">La petite robe au clin d\u2019\u0153il des ann\u00e9es 90 &lt;3<\/span><\/p>\n<p><span style=\"font-weight: 400;\">Tissu fin m\u00e9lange de coton et de laine.<\/span><\/p>\n<p><span style=\"font-weight: 400;\">Longueur : 77 cm.<\/span><\/p>\n<p><span style=\"font-weight: 400;\">La mod\u00e8le mesure 1,72 m.<\/span><\/p>\n","protected":false},"excerpt":{"rendered":"<p>Robe beige pliss\u00e9e \u00e0 rayures. Sans manches, coupe ajust\u00e9e, pliss\u00e9e dans le bas, fermeture \u00e9clair dans le dos. La petite robe au&hellip;<\/p>\n","protected":false},"featured_media":371801,"template":"","meta":[],"product_brand":[],"product_cat":[668,664,661],"product_tag":[],"class_list":{"0":"post-371591","1":"product","2":"type-product","3":"status-publish","4":"has-post-thumbnail","6":"product_cat-capsule","7":"product_cat-robes","8":"product_cat-tout-voir","10":"first","11":"outofstock","12":"taxable","13":"shipping-taxable","14":"purchasable","15":"product-type-variable"},"_links":{"self":[{"href":"https:\/\/maisoncleo.com\/fr\/wp-json\/wp\/v2\/product\/371591","targetHints":{"allow":["GET"]}}],"collection":[{"href":"https:\/\/maisoncleo.com\/fr\/wp-json\/wp\/v2\/product"}],"about":[{"href":"https:\/\/maisoncleo.com\/fr\/wp-json\/wp\/v2\/types\/product"}],"version-history":[{"count":1,"href":"https:\/\/maisoncleo.com\/fr\/wp-json\/wp\/v2\/product\/371591\/revisions"}],"predecessor-version":[{"id":371595,"href":"https:\/\/maisoncleo.com\/fr\/wp-json\/wp\/v2\/product\/371591\/revisions\/371595"}],"wp:featuredmedia":[{"embeddable":true,"href":"https:\/\/maisoncleo.com\/fr\/wp-json\/wp\/v2\/media\/371801"}],"wp:attachment":[{"href":"https:\/\/maisoncleo.com\/fr\/wp-json\/wp\/v2\/media?parent=371591"}],"wp:term":[{"taxonomy":"product_brand","embeddable":true,"href":"https:\/\/maisoncleo.com\/fr\/wp-json\/wp\/v2\/product_brand?post=371591"},{"taxonomy":"product_cat","embeddable":true,"href":"https:\/\/maisoncleo.com\/fr\/wp-json\/wp\/v2\/product_cat?post=371591"},{"taxonomy":"product_tag","embeddable":true,"href":"https:\/\/maisoncleo.com\/fr\/wp-json\/wp\/v2\/product_tag?post=371591"}],"curies":[{"name":"wp","href":"https:\/\/api.w.org\/{rel}","templated":true}]}}