{"id":371583,"date":"2024-10-08T14:40:42","date_gmt":"2024-10-08T12:40:42","guid":{"rendered":"https:\/\/maisoncleo.com\/?post_type=product&#038;p=371583"},"modified":"2024-10-14T09:30:32","modified_gmt":"2024-10-14T07:30:32","slug":"robe-loulou-trapeze-leopard-epaisse","status":"publish","type":"product","link":"https:\/\/maisoncleo.com\/fr\/shop\/robe-loulou-trapeze-leopard-epaisse\/","title":{"rendered":"Robe LOULOU trapeze leopard \u00e9paisse"},"content":{"rendered":"<p><span style=\"font-weight: 400;\">Robe trap\u00e8ze en l\u00e9opard \u00e9pais, sans manches, col arrondi, d\u00e9coupes sur le devant, fermeture \u00e9clair dans le dos.<\/span><\/p>\n<p><span style=\"font-weight: 400;\">100% coton \u00e9pais.<\/span><\/p>\n<p><span style=\"font-weight: 400;\">Longueur du milieu dos : 74 cm.<\/span><\/p>\n<p><span style=\"font-weight: 400;\">La mod\u00e8le mesure 1,72 m.<\/span><\/p>\n","protected":false},"excerpt":{"rendered":"<p>Robe trap\u00e8ze en l\u00e9opard \u00e9pais, sans manches, col arrondi, d\u00e9coupes sur le devant, fermeture \u00e9clair dans le dos. 100% coton \u00e9pais. Longueur&hellip;<\/p>\n","protected":false},"featured_media":372568,"template":"","meta":[],"product_brand":[],"product_cat":[960,668,664,661],"product_tag":[],"class_list":{"0":"post-371583","1":"product","2":"type-product","3":"status-publish","4":"has-post-thumbnail","6":"product_cat-leopard-selection","7":"product_cat-capsule","8":"product_cat-robes","9":"product_cat-tout-voir","11":"first","12":"outofstock","13":"taxable","14":"shipping-taxable","15":"purchasable","16":"product-type-variable"},"_links":{"self":[{"href":"https:\/\/maisoncleo.com\/fr\/wp-json\/wp\/v2\/product\/371583","targetHints":{"allow":["GET"]}}],"collection":[{"href":"https:\/\/maisoncleo.com\/fr\/wp-json\/wp\/v2\/product"}],"about":[{"href":"https:\/\/maisoncleo.com\/fr\/wp-json\/wp\/v2\/types\/product"}],"version-history":[{"count":1,"href":"https:\/\/maisoncleo.com\/fr\/wp-json\/wp\/v2\/product\/371583\/revisions"}],"predecessor-version":[{"id":371588,"href":"https:\/\/maisoncleo.com\/fr\/wp-json\/wp\/v2\/product\/371583\/revisions\/371588"}],"wp:featuredmedia":[{"embeddable":true,"href":"https:\/\/maisoncleo.com\/fr\/wp-json\/wp\/v2\/media\/372568"}],"wp:attachment":[{"href":"https:\/\/maisoncleo.com\/fr\/wp-json\/wp\/v2\/media?parent=371583"}],"wp:term":[{"taxonomy":"product_brand","embeddable":true,"href":"https:\/\/maisoncleo.com\/fr\/wp-json\/wp\/v2\/product_brand?post=371583"},{"taxonomy":"product_cat","embeddable":true,"href":"https:\/\/maisoncleo.com\/fr\/wp-json\/wp\/v2\/product_cat?post=371583"},{"taxonomy":"product_tag","embeddable":true,"href":"https:\/\/maisoncleo.com\/fr\/wp-json\/wp\/v2\/product_tag?post=371583"}],"curies":[{"name":"wp","href":"https:\/\/api.w.org\/{rel}","templated":true}]}}