{"id":371575,"date":"2024-10-08T14:43:12","date_gmt":"2024-10-08T12:43:12","guid":{"rendered":"https:\/\/maisoncleo.com\/?post_type=product&#038;p=371575"},"modified":"2024-10-14T09:20:15","modified_gmt":"2024-10-14T07:20:15","slug":"blouse-malya-en-soie-texturee-kaki-et-dentelle-ecrue","status":"publish","type":"product","link":"https:\/\/maisoncleo.com\/fr\/shop\/blouse-malya-en-soie-texturee-kaki-et-dentelle-ecrue\/","title":{"rendered":"Blouse MALYA en soie textur\u00e9e kaki et dentelle \u00e9crue"},"content":{"rendered":"<p><span style=\"font-weight: 400;\">Blouse en soie textur\u00e9e kaki et dentelle \u00e9crue et petits pois, petites manches bouffantes, orn\u00e9e de dentelle \u00e9crue dans le bas, le d\u00e9collet\u00e9 et les poignets, 3 liens sur le devant.<\/span><\/p>\n<p><span style=\"font-weight: 400;\">Longueur : 37 cm.<\/span><\/p>\n<p><span style=\"font-weight: 400;\">La mod\u00e8le mesure 1,72 m.<\/span><\/p>\n","protected":false},"excerpt":{"rendered":"<p>Blouse en soie textur\u00e9e kaki et dentelle \u00e9crue et petits pois, petites manches bouffantes, orn\u00e9e de dentelle \u00e9crue dans le bas, le&hellip;<\/p>\n","protected":false},"featured_media":371799,"template":"","meta":[],"product_brand":[],"product_cat":[663,668,661],"product_tag":[],"class_list":{"0":"post-371575","1":"product","2":"type-product","3":"status-publish","4":"has-post-thumbnail","6":"product_cat-blouses","7":"product_cat-capsule","8":"product_cat-tout-voir","10":"first","11":"instock","12":"taxable","13":"shipping-taxable","14":"purchasable","15":"product-type-variable"},"_links":{"self":[{"href":"https:\/\/maisoncleo.com\/fr\/wp-json\/wp\/v2\/product\/371575","targetHints":{"allow":["GET"]}}],"collection":[{"href":"https:\/\/maisoncleo.com\/fr\/wp-json\/wp\/v2\/product"}],"about":[{"href":"https:\/\/maisoncleo.com\/fr\/wp-json\/wp\/v2\/types\/product"}],"version-history":[{"count":1,"href":"https:\/\/maisoncleo.com\/fr\/wp-json\/wp\/v2\/product\/371575\/revisions"}],"predecessor-version":[{"id":371580,"href":"https:\/\/maisoncleo.com\/fr\/wp-json\/wp\/v2\/product\/371575\/revisions\/371580"}],"wp:featuredmedia":[{"embeddable":true,"href":"https:\/\/maisoncleo.com\/fr\/wp-json\/wp\/v2\/media\/371799"}],"wp:attachment":[{"href":"https:\/\/maisoncleo.com\/fr\/wp-json\/wp\/v2\/media?parent=371575"}],"wp:term":[{"taxonomy":"product_brand","embeddable":true,"href":"https:\/\/maisoncleo.com\/fr\/wp-json\/wp\/v2\/product_brand?post=371575"},{"taxonomy":"product_cat","embeddable":true,"href":"https:\/\/maisoncleo.com\/fr\/wp-json\/wp\/v2\/product_cat?post=371575"},{"taxonomy":"product_tag","embeddable":true,"href":"https:\/\/maisoncleo.com\/fr\/wp-json\/wp\/v2\/product_tag?post=371575"}],"curies":[{"name":"wp","href":"https:\/\/api.w.org\/{rel}","templated":true}]}}