{"id":371569,"date":"2024-10-08T14:45:15","date_gmt":"2024-10-08T12:32:15","guid":{"rendered":"https:\/\/maisoncleo.com\/?post_type=product&#038;p=371569"},"modified":"2024-10-14T11:06:54","modified_gmt":"2024-10-14T09:06:54","slug":"blouse-darta-volantee-en-coton-fleurs-dautomne","status":"publish","type":"product","link":"https:\/\/maisoncleo.com\/fr\/shop\/blouse-darta-volantee-en-coton-fleurs-dautomne\/","title":{"rendered":"Blouse DARTA volant\u00e9e en coton fleurs d\u2019automne"},"content":{"rendered":"<p><span style=\"font-weight: 400;\">Notre chemise favorite de la nouvelle collection.<\/span><\/p>\n<p><span style=\"font-weight: 400;\">Chemise en coton imprim\u00e9 fleurs d\u2019automne avec volants, 4 liens sur le devant, col chemise, poignets \u00e9lastiqu\u00e9s, volants sur le col et les poignets, d\u00e9coupes sur le devant, fentes c\u00f4t\u00e9s.<\/span><\/p>\n<p><span style=\"font-weight: 400;\">Longueur : 65 cm.<\/span><\/p>\n<p><span style=\"font-weight: 400;\">La mod\u00e8le mesure 1,72 m.<\/span><\/p>\n","protected":false},"excerpt":{"rendered":"<p>Notre chemise favorite de la nouvelle collection. Chemise en coton imprim\u00e9 fleurs d\u2019automne avec volants, 4 liens sur le devant, col chemise,&hellip;<\/p>\n","protected":false},"featured_media":371719,"template":"","meta":[],"product_brand":[],"product_cat":[663,668,674,661],"product_tag":[],"class_list":{"0":"post-371569","1":"product","2":"type-product","3":"status-publish","4":"has-post-thumbnail","6":"product_cat-blouses","7":"product_cat-capsule","8":"product_cat-tops","9":"product_cat-tout-voir","11":"first","12":"instock","13":"taxable","14":"shipping-taxable","15":"purchasable","16":"product-type-variable"},"_links":{"self":[{"href":"https:\/\/maisoncleo.com\/fr\/wp-json\/wp\/v2\/product\/371569","targetHints":{"allow":["GET"]}}],"collection":[{"href":"https:\/\/maisoncleo.com\/fr\/wp-json\/wp\/v2\/product"}],"about":[{"href":"https:\/\/maisoncleo.com\/fr\/wp-json\/wp\/v2\/types\/product"}],"version-history":[{"count":1,"href":"https:\/\/maisoncleo.com\/fr\/wp-json\/wp\/v2\/product\/371569\/revisions"}],"predecessor-version":[{"id":371573,"href":"https:\/\/maisoncleo.com\/fr\/wp-json\/wp\/v2\/product\/371569\/revisions\/371573"}],"wp:featuredmedia":[{"embeddable":true,"href":"https:\/\/maisoncleo.com\/fr\/wp-json\/wp\/v2\/media\/371719"}],"wp:attachment":[{"href":"https:\/\/maisoncleo.com\/fr\/wp-json\/wp\/v2\/media?parent=371569"}],"wp:term":[{"taxonomy":"product_brand","embeddable":true,"href":"https:\/\/maisoncleo.com\/fr\/wp-json\/wp\/v2\/product_brand?post=371569"},{"taxonomy":"product_cat","embeddable":true,"href":"https:\/\/maisoncleo.com\/fr\/wp-json\/wp\/v2\/product_cat?post=371569"},{"taxonomy":"product_tag","embeddable":true,"href":"https:\/\/maisoncleo.com\/fr\/wp-json\/wp\/v2\/product_tag?post=371569"}],"curies":[{"name":"wp","href":"https:\/\/api.w.org\/{rel}","templated":true}]}}