{"id":371561,"date":"2024-10-09T10:50:19","date_gmt":"2024-10-09T08:50:19","guid":{"rendered":"https:\/\/maisoncleo.com\/?post_type=product&#038;p=371561"},"modified":"2024-12-20T16:29:10","modified_gmt":"2024-12-20T14:29:10","slug":"t-shirt-manches-longues-jersey-leopard-epais-laurena","status":"publish","type":"product","link":"https:\/\/maisoncleo.com\/fr\/shop\/t-shirt-manches-longues-jersey-leopard-epais-laurena\/","title":{"rendered":"T-shirt manches longues jersey l\u00e9opard \u00e9pais LAURENA"},"content":{"rendered":"<p><span style=\"font-weight: 400;\">T-shirt manches longues jersey l\u00e9opard \u00e9pais, d\u00e9collet\u00e9 carr\u00e9, stretch.<\/span><\/p>\n<p><span style=\"font-weight: 400;\">100% jersey \u00e9pais.<\/span><\/p>\n<p><span style=\"font-weight: 400;\">Super comfortable!<\/span><\/p>\n<p><span style=\"font-weight: 400;\">Longueur : 50 cm. <\/span><\/p>\n<p><span style=\"font-weight: 400;\">La mod\u00e8le mesure 1,72 m. <\/span><\/p>\n","protected":false},"excerpt":{"rendered":"<p>T-shirt manches longues jersey l\u00e9opard \u00e9pais, d\u00e9collet\u00e9 carr\u00e9, stretch. 100% jersey \u00e9pais. Super comfortable! Longueur : 50 cm. La mod\u00e8le mesure 1,72&hellip;<\/p>\n","protected":false},"featured_media":371064,"template":"","meta":[],"product_brand":[],"product_cat":[960,668,674,661],"product_tag":[],"class_list":{"0":"post-371561","1":"product","2":"type-product","3":"status-publish","4":"has-post-thumbnail","6":"product_cat-leopard-selection","7":"product_cat-capsule","8":"product_cat-tops","9":"product_cat-tout-voir","11":"first","12":"instock","13":"taxable","14":"shipping-taxable","15":"purchasable","16":"product-type-variable"},"_links":{"self":[{"href":"https:\/\/maisoncleo.com\/fr\/wp-json\/wp\/v2\/product\/371561","targetHints":{"allow":["GET"]}}],"collection":[{"href":"https:\/\/maisoncleo.com\/fr\/wp-json\/wp\/v2\/product"}],"about":[{"href":"https:\/\/maisoncleo.com\/fr\/wp-json\/wp\/v2\/types\/product"}],"version-history":[{"count":1,"href":"https:\/\/maisoncleo.com\/fr\/wp-json\/wp\/v2\/product\/371561\/revisions"}],"predecessor-version":[{"id":371565,"href":"https:\/\/maisoncleo.com\/fr\/wp-json\/wp\/v2\/product\/371561\/revisions\/371565"}],"wp:featuredmedia":[{"embeddable":true,"href":"https:\/\/maisoncleo.com\/fr\/wp-json\/wp\/v2\/media\/371064"}],"wp:attachment":[{"href":"https:\/\/maisoncleo.com\/fr\/wp-json\/wp\/v2\/media?parent=371561"}],"wp:term":[{"taxonomy":"product_brand","embeddable":true,"href":"https:\/\/maisoncleo.com\/fr\/wp-json\/wp\/v2\/product_brand?post=371561"},{"taxonomy":"product_cat","embeddable":true,"href":"https:\/\/maisoncleo.com\/fr\/wp-json\/wp\/v2\/product_cat?post=371561"},{"taxonomy":"product_tag","embeddable":true,"href":"https:\/\/maisoncleo.com\/fr\/wp-json\/wp\/v2\/product_tag?post=371561"}],"curies":[{"name":"wp","href":"https:\/\/api.w.org\/{rel}","templated":true}]}}