{"id":371540,"date":"2024-10-09T08:40:13","date_gmt":"2024-10-08T12:13:13","guid":{"rendered":"https:\/\/maisoncleo.com\/?post_type=product&#038;p=371540"},"modified":"2024-10-14T10:54:29","modified_gmt":"2024-10-14T08:54:29","slug":"chemise-darta-en-soie-ivoire-texturee-avec-volants","status":"publish","type":"product","link":"https:\/\/maisoncleo.com\/fr\/shop\/chemise-darta-en-soie-ivoire-texturee-avec-volants\/","title":{"rendered":"Chemise DARTA en soie ivoire textur\u00e9e avec volants"},"content":{"rendered":"<p><span style=\"font-weight: 400;\">Notre chemise favorite de la nouvelle collection. Chemise en soie ivoire textur\u00e9e avec volants, 4 liens sur le devant, col chemise, poignets \u00e9lastiqu\u00e9s, d\u00e9coupes sur le devant, fentes c\u00f4t\u00e9s.<\/span><\/p>\n<p><span style=\"font-weight: 400;\">Longueur : 65 cm.<\/span><\/p>\n<p><span style=\"font-weight: 400;\">La mod\u00e8le mesure 1,72 m.<\/span><\/p>\n","protected":false},"excerpt":{"rendered":"<p>Notre chemise favorite de la nouvelle collection. Chemise en soie ivoire textur\u00e9e avec volants, 4 liens sur le devant, col chemise, poignets&hellip;<\/p>\n","protected":false},"featured_media":371033,"template":"","meta":[],"product_brand":[],"product_cat":[663,668,674,661],"product_tag":[],"class_list":{"0":"post-371540","1":"product","2":"type-product","3":"status-publish","4":"has-post-thumbnail","6":"product_cat-blouses","7":"product_cat-capsule","8":"product_cat-tops","9":"product_cat-tout-voir","11":"first","12":"instock","13":"taxable","14":"shipping-taxable","15":"purchasable","16":"product-type-variable"},"_links":{"self":[{"href":"https:\/\/maisoncleo.com\/fr\/wp-json\/wp\/v2\/product\/371540","targetHints":{"allow":["GET"]}}],"collection":[{"href":"https:\/\/maisoncleo.com\/fr\/wp-json\/wp\/v2\/product"}],"about":[{"href":"https:\/\/maisoncleo.com\/fr\/wp-json\/wp\/v2\/types\/product"}],"version-history":[{"count":2,"href":"https:\/\/maisoncleo.com\/fr\/wp-json\/wp\/v2\/product\/371540\/revisions"}],"predecessor-version":[{"id":372679,"href":"https:\/\/maisoncleo.com\/fr\/wp-json\/wp\/v2\/product\/371540\/revisions\/372679"}],"wp:featuredmedia":[{"embeddable":true,"href":"https:\/\/maisoncleo.com\/fr\/wp-json\/wp\/v2\/media\/371033"}],"wp:attachment":[{"href":"https:\/\/maisoncleo.com\/fr\/wp-json\/wp\/v2\/media?parent=371540"}],"wp:term":[{"taxonomy":"product_brand","embeddable":true,"href":"https:\/\/maisoncleo.com\/fr\/wp-json\/wp\/v2\/product_brand?post=371540"},{"taxonomy":"product_cat","embeddable":true,"href":"https:\/\/maisoncleo.com\/fr\/wp-json\/wp\/v2\/product_cat?post=371540"},{"taxonomy":"product_tag","embeddable":true,"href":"https:\/\/maisoncleo.com\/fr\/wp-json\/wp\/v2\/product_tag?post=371540"}],"curies":[{"name":"wp","href":"https:\/\/api.w.org\/{rel}","templated":true}]}}