{"id":370908,"date":"2024-10-09T11:50:37","date_gmt":"2024-10-07T13:46:37","guid":{"rendered":"https:\/\/maisoncleo.com\/?post_type=product&#038;p=370908"},"modified":"2025-10-26T15:51:35","modified_gmt":"2025-10-26T13:51:35","slug":"jupe-portefeuille-en-denim-fonce-brut-suzie","status":"publish","type":"product","link":"https:\/\/maisoncleo.com\/fr\/shop\/jupe-portefeuille-en-denim-fonce-brut-suzie\/","title":{"rendered":"Jupe portefeuille en denim fonc\u00e9 brut SUZIE"},"content":{"rendered":"<p><span style=\"font-weight: 400;\">Jupe portefeuille en denim fonc\u00e9 brut, coupe trap\u00e8ze, large bande sur la taille, fermeture par deux boutons cuivr\u00e9s avec tons de bordeaux et vert, coutures de tons camel.<\/span><\/p>\n<p><span style=\"font-weight: 400;\">100% coton \u00e9pais.<\/span><\/p>\n<p><span style=\"font-weight: 400;\">Longueur : 45 cm.<\/span><\/p>\n<p><span style=\"font-weight: 400;\">La mod\u00e8le mesure 1,72 m. <\/span><\/p>\n","protected":false},"excerpt":{"rendered":"<p>Jupe portefeuille en denim fonc\u00e9 brut, coupe trap\u00e8ze, large bande sur la taille, fermeture par deux boutons cuivr\u00e9s avec tons de bordeaux&hellip;<\/p>\n","protected":false},"featured_media":371348,"template":"","meta":[],"product_brand":[],"product_cat":[672,668,661],"product_tag":[],"class_list":{"0":"post-370908","1":"product","2":"type-product","3":"status-publish","4":"has-post-thumbnail","6":"product_cat-jupes","7":"product_cat-capsule","8":"product_cat-tout-voir","10":"first","11":"instock","12":"taxable","13":"shipping-taxable","14":"purchasable","15":"product-type-variable"},"_links":{"self":[{"href":"https:\/\/maisoncleo.com\/fr\/wp-json\/wp\/v2\/product\/370908","targetHints":{"allow":["GET"]}}],"collection":[{"href":"https:\/\/maisoncleo.com\/fr\/wp-json\/wp\/v2\/product"}],"about":[{"href":"https:\/\/maisoncleo.com\/fr\/wp-json\/wp\/v2\/types\/product"}],"version-history":[{"count":2,"href":"https:\/\/maisoncleo.com\/fr\/wp-json\/wp\/v2\/product\/370908\/revisions"}],"predecessor-version":[{"id":372722,"href":"https:\/\/maisoncleo.com\/fr\/wp-json\/wp\/v2\/product\/370908\/revisions\/372722"}],"wp:featuredmedia":[{"embeddable":true,"href":"https:\/\/maisoncleo.com\/fr\/wp-json\/wp\/v2\/media\/371348"}],"wp:attachment":[{"href":"https:\/\/maisoncleo.com\/fr\/wp-json\/wp\/v2\/media?parent=370908"}],"wp:term":[{"taxonomy":"product_brand","embeddable":true,"href":"https:\/\/maisoncleo.com\/fr\/wp-json\/wp\/v2\/product_brand?post=370908"},{"taxonomy":"product_cat","embeddable":true,"href":"https:\/\/maisoncleo.com\/fr\/wp-json\/wp\/v2\/product_cat?post=370908"},{"taxonomy":"product_tag","embeddable":true,"href":"https:\/\/maisoncleo.com\/fr\/wp-json\/wp\/v2\/product_tag?post=370908"}],"curies":[{"name":"wp","href":"https:\/\/api.w.org\/{rel}","templated":true}]}}