{"id":370904,"date":"2024-10-09T12:00:13","date_gmt":"2024-10-09T10:00:13","guid":{"rendered":"https:\/\/maisoncleo.com\/?post_type=product&#038;p=370904"},"modified":"2025-02-19T16:59:15","modified_gmt":"2025-02-19T14:59:15","slug":"gilet-cintre-boutonne-en-denim-fonce-brut-sally","status":"publish","type":"product","link":"https:\/\/maisoncleo.com\/fr\/shop\/gilet-cintre-boutonne-en-denim-fonce-brut-sally\/","title":{"rendered":"Gilet cintr\u00e9 boutonn\u00e9 en denim fonc\u00e9 brut SALLY"},"content":{"rendered":"<p><span style=\"font-weight: 400;\">Gilet cintr\u00e9 boutonn\u00e9 en denim fonc\u00e9 \u00e9pais, coupe ajust\u00e9e, d\u00e9collet\u00e9 carr\u00e9, trois boutons cuivr\u00e9s avec tons de bordeaux et de vert.<\/span><\/p>\n<p><span style=\"font-weight: 400;\">A porter seul ou au-dessus d\u2019une chemise.<\/span><\/p>\n<p><span style=\"font-weight: 400;\">100% coton \u00e9pais.<\/span><\/p>\n<p><span style=\"font-weight: 400;\">Longueur : 37 cm.<\/span><\/p>\n<p><span style=\"font-weight: 400;\">La mod\u00e8le mesure 1,72 m.<\/span><\/p>\n","protected":false},"excerpt":{"rendered":"<p>Gilet cintr\u00e9 boutonn\u00e9 en denim fonc\u00e9 \u00e9pais, coupe ajust\u00e9e, d\u00e9collet\u00e9 carr\u00e9, trois boutons cuivr\u00e9s avec tons de bordeaux et de vert. A&hellip;<\/p>\n","protected":false},"featured_media":371332,"template":"","meta":[],"product_brand":[],"product_cat":[683,668,661],"product_tag":[],"class_list":{"0":"post-370904","1":"product","2":"type-product","3":"status-publish","4":"has-post-thumbnail","6":"product_cat-cardigans","7":"product_cat-capsule","8":"product_cat-tout-voir","10":"first","11":"instock","12":"taxable","13":"shipping-taxable","14":"purchasable","15":"product-type-variable"},"_links":{"self":[{"href":"https:\/\/maisoncleo.com\/fr\/wp-json\/wp\/v2\/product\/370904","targetHints":{"allow":["GET"]}}],"collection":[{"href":"https:\/\/maisoncleo.com\/fr\/wp-json\/wp\/v2\/product"}],"about":[{"href":"https:\/\/maisoncleo.com\/fr\/wp-json\/wp\/v2\/types\/product"}],"version-history":[{"count":1,"href":"https:\/\/maisoncleo.com\/fr\/wp-json\/wp\/v2\/product\/370904\/revisions"}],"predecessor-version":[{"id":370906,"href":"https:\/\/maisoncleo.com\/fr\/wp-json\/wp\/v2\/product\/370904\/revisions\/370906"}],"wp:featuredmedia":[{"embeddable":true,"href":"https:\/\/maisoncleo.com\/fr\/wp-json\/wp\/v2\/media\/371332"}],"wp:attachment":[{"href":"https:\/\/maisoncleo.com\/fr\/wp-json\/wp\/v2\/media?parent=370904"}],"wp:term":[{"taxonomy":"product_brand","embeddable":true,"href":"https:\/\/maisoncleo.com\/fr\/wp-json\/wp\/v2\/product_brand?post=370904"},{"taxonomy":"product_cat","embeddable":true,"href":"https:\/\/maisoncleo.com\/fr\/wp-json\/wp\/v2\/product_cat?post=370904"},{"taxonomy":"product_tag","embeddable":true,"href":"https:\/\/maisoncleo.com\/fr\/wp-json\/wp\/v2\/product_tag?post=370904"}],"curies":[{"name":"wp","href":"https:\/\/api.w.org\/{rel}","templated":true}]}}