{"id":370895,"date":"2024-10-09T10:00:47","date_gmt":"2024-10-09T08:00:47","guid":{"rendered":"https:\/\/maisoncleo.com\/?post_type=product&#038;p=370895"},"modified":"2024-10-14T10:47:38","modified_gmt":"2024-10-14T08:47:38","slug":"pantalon-large-en-leopard-janis","status":"publish","type":"product","link":"https:\/\/maisoncleo.com\/fr\/shop\/pantalon-large-en-leopard-janis\/","title":{"rendered":"Pantalon large en l\u00e9opard JANIS"},"content":{"rendered":"<p><span style=\"font-weight: 400;\">Pantalon large l\u00e9opard en coton \u00e9pais, large bande sur la taille, coupe droite et large, fermeture \u00e9clair sur le c\u00f4t\u00e9, coutures camel.<\/span><\/p>\n<p><span style=\"font-weight: 400;\">100% coton \u00e9pais.<\/span><\/p>\n<p><span style=\"font-weight: 400;\">Longueur : 110,5 cm.<\/span><\/p>\n<p><span style=\"font-weight: 400;\">La mod\u00e8le mesure 1,72 m.<\/span><\/p>\n","protected":false},"excerpt":{"rendered":"<p>Pantalon large l\u00e9opard en coton \u00e9pais, large bande sur la taille, coupe droite et large, fermeture \u00e9clair sur le c\u00f4t\u00e9, coutures camel.&hellip;<\/p>\n","protected":false},"featured_media":371507,"template":"","meta":[],"product_brand":[],"product_cat":[960,668,675,661],"product_tag":[],"class_list":{"0":"post-370895","1":"product","2":"type-product","3":"status-publish","4":"has-post-thumbnail","6":"product_cat-leopard-selection","7":"product_cat-capsule","8":"product_cat-pantalons-shorts","9":"product_cat-tout-voir","11":"first","12":"outofstock","13":"taxable","14":"shipping-taxable","15":"purchasable","16":"product-type-variable"},"_links":{"self":[{"href":"https:\/\/maisoncleo.com\/fr\/wp-json\/wp\/v2\/product\/370895","targetHints":{"allow":["GET"]}}],"collection":[{"href":"https:\/\/maisoncleo.com\/fr\/wp-json\/wp\/v2\/product"}],"about":[{"href":"https:\/\/maisoncleo.com\/fr\/wp-json\/wp\/v2\/types\/product"}],"version-history":[{"count":2,"href":"https:\/\/maisoncleo.com\/fr\/wp-json\/wp\/v2\/product\/370895\/revisions"}],"predecessor-version":[{"id":372746,"href":"https:\/\/maisoncleo.com\/fr\/wp-json\/wp\/v2\/product\/370895\/revisions\/372746"}],"wp:featuredmedia":[{"embeddable":true,"href":"https:\/\/maisoncleo.com\/fr\/wp-json\/wp\/v2\/media\/371507"}],"wp:attachment":[{"href":"https:\/\/maisoncleo.com\/fr\/wp-json\/wp\/v2\/media?parent=370895"}],"wp:term":[{"taxonomy":"product_brand","embeddable":true,"href":"https:\/\/maisoncleo.com\/fr\/wp-json\/wp\/v2\/product_brand?post=370895"},{"taxonomy":"product_cat","embeddable":true,"href":"https:\/\/maisoncleo.com\/fr\/wp-json\/wp\/v2\/product_cat?post=370895"},{"taxonomy":"product_tag","embeddable":true,"href":"https:\/\/maisoncleo.com\/fr\/wp-json\/wp\/v2\/product_tag?post=370895"}],"curies":[{"name":"wp","href":"https:\/\/api.w.org\/{rel}","templated":true}]}}