{"id":370880,"date":"2024-10-09T11:10:45","date_gmt":"2024-10-07T13:08:45","guid":{"rendered":"https:\/\/maisoncleo.com\/?post_type=product&#038;p=370880"},"modified":"2024-12-20T16:29:10","modified_gmt":"2024-12-20T14:29:10","slug":"pantalon-leopard-en-jersey-epais-rita","status":"publish","type":"product","link":"https:\/\/maisoncleo.com\/fr\/shop\/pantalon-leopard-en-jersey-epais-rita\/","title":{"rendered":"Pantalon l\u00e9opard en jersey \u00e9pais RITA"},"content":{"rendered":"<p><span style=\"font-weight: 400;\">Coup de coeur!<\/span><\/p>\n<p><span style=\"font-weight: 400;\">Pantalon l\u00e9opard en jersey \u00e9pais, bande \u00e9lastique large \u00e0 la taille, stretch.<\/span><\/p>\n<p><span style=\"font-weight: 400;\">100% jersey \u00e9pais.<\/span><\/p>\n<p><span style=\"font-weight: 400;\">Super comfortable! Le pantalon de tous les jours.<\/span><\/p>\n<p><span style=\"font-weight: 400;\">Longueur : 118 cm.<\/span><\/p>\n<p><span style=\"font-weight: 400;\">La mod\u00e8le mesure 1,72 m. <\/span><\/p>\n","protected":false},"excerpt":{"rendered":"<p>Coup de coeur! Pantalon l\u00e9opard en jersey \u00e9pais, bande \u00e9lastique large \u00e0 la taille, stretch. 100% jersey \u00e9pais. Super comfortable! Le pantalon&hellip;<\/p>\n","protected":false},"featured_media":371464,"template":"","meta":[],"product_brand":[],"product_cat":[960,668,675,661],"product_tag":[],"class_list":{"0":"post-370880","1":"product","2":"type-product","3":"status-publish","4":"has-post-thumbnail","6":"product_cat-leopard-selection","7":"product_cat-capsule","8":"product_cat-pantalons-shorts","9":"product_cat-tout-voir","11":"first","12":"instock","13":"taxable","14":"shipping-taxable","15":"purchasable","16":"product-type-variable"},"_links":{"self":[{"href":"https:\/\/maisoncleo.com\/fr\/wp-json\/wp\/v2\/product\/370880","targetHints":{"allow":["GET"]}}],"collection":[{"href":"https:\/\/maisoncleo.com\/fr\/wp-json\/wp\/v2\/product"}],"about":[{"href":"https:\/\/maisoncleo.com\/fr\/wp-json\/wp\/v2\/types\/product"}],"version-history":[{"count":1,"href":"https:\/\/maisoncleo.com\/fr\/wp-json\/wp\/v2\/product\/370880\/revisions"}],"predecessor-version":[{"id":370882,"href":"https:\/\/maisoncleo.com\/fr\/wp-json\/wp\/v2\/product\/370880\/revisions\/370882"}],"wp:featuredmedia":[{"embeddable":true,"href":"https:\/\/maisoncleo.com\/fr\/wp-json\/wp\/v2\/media\/371464"}],"wp:attachment":[{"href":"https:\/\/maisoncleo.com\/fr\/wp-json\/wp\/v2\/media?parent=370880"}],"wp:term":[{"taxonomy":"product_brand","embeddable":true,"href":"https:\/\/maisoncleo.com\/fr\/wp-json\/wp\/v2\/product_brand?post=370880"},{"taxonomy":"product_cat","embeddable":true,"href":"https:\/\/maisoncleo.com\/fr\/wp-json\/wp\/v2\/product_cat?post=370880"},{"taxonomy":"product_tag","embeddable":true,"href":"https:\/\/maisoncleo.com\/fr\/wp-json\/wp\/v2\/product_tag?post=370880"}],"curies":[{"name":"wp","href":"https:\/\/api.w.org\/{rel}","templated":true}]}}