{"id":370876,"date":"2025-02-05T08:50:47","date_gmt":"2024-10-07T13:05:47","guid":{"rendered":"https:\/\/maisoncleo.com\/?post_type=product&#038;p=370876"},"modified":"2026-02-04T19:32:03","modified_gmt":"2026-02-04T17:32:03","slug":"robe-longue-blanche-en-soie-avec-fines-bretelles-jennifer","status":"publish","type":"product","link":"https:\/\/maisoncleo.com\/fr\/shop\/robe-longue-blanche-en-soie-avec-fines-bretelles-jennifer\/","title":{"rendered":"Robe longue blanche en soie avec fines bretelles JENNIFER"},"content":{"rendered":"<p><span style=\"font-weight: 400;\">Robe longue blanche en soie avec fines bretelles, coupe \u00e9vas\u00e9e, deux rang\u00e9es de volants dans le bas.<\/span><\/p>\n<p><span style=\"font-weight: 400;\">Doubl\u00e9e avec le m\u00eame tissu, opaque. Vendue avec sa fine \u00e9charpe assortie. L\u2019\u00e9charpe est le nouveau voile!<\/span><\/p>\n<p><span style=\"font-weight: 400;\">La robe mesure 132 cm depuis le d\u00e9collet\u00e9.<\/span><\/p>\n<p><span style=\"font-weight: 400;\">Comme nous fabriquons \u00e0 la commande, vous pouvez demander la longueur que vous souhaitez en l\u2019indiquant dans la case commentaires au moment du panier.<\/span><\/p>\n<p><span style=\"font-weight: 400;\">La mod\u00e8le mesure 1,72 m.<\/span><\/p>\n","protected":false},"excerpt":{"rendered":"<p>Robe longue blanche en soie avec fines bretelles, coupe \u00e9vas\u00e9e, deux rang\u00e9es de volants dans le bas. Doubl\u00e9e avec le m\u00eame tissu,&hellip;<\/p>\n","protected":false},"featured_media":383805,"template":"","meta":[],"product_brand":[],"product_cat":[958,668,664,661],"product_tag":[],"class_list":{"0":"post-370876","1":"product","2":"type-product","3":"status-publish","4":"has-post-thumbnail","6":"product_cat-mariage-selection","7":"product_cat-capsule","8":"product_cat-robes","9":"product_cat-tout-voir","11":"first","12":"instock","13":"taxable","14":"shipping-taxable","15":"purchasable","16":"product-type-variable"},"_links":{"self":[{"href":"https:\/\/maisoncleo.com\/fr\/wp-json\/wp\/v2\/product\/370876","targetHints":{"allow":["GET"]}}],"collection":[{"href":"https:\/\/maisoncleo.com\/fr\/wp-json\/wp\/v2\/product"}],"about":[{"href":"https:\/\/maisoncleo.com\/fr\/wp-json\/wp\/v2\/types\/product"}],"version-history":[{"count":2,"href":"https:\/\/maisoncleo.com\/fr\/wp-json\/wp\/v2\/product\/370876\/revisions"}],"predecessor-version":[{"id":372744,"href":"https:\/\/maisoncleo.com\/fr\/wp-json\/wp\/v2\/product\/370876\/revisions\/372744"}],"wp:featuredmedia":[{"embeddable":true,"href":"https:\/\/maisoncleo.com\/fr\/wp-json\/wp\/v2\/media\/383805"}],"wp:attachment":[{"href":"https:\/\/maisoncleo.com\/fr\/wp-json\/wp\/v2\/media?parent=370876"}],"wp:term":[{"taxonomy":"product_brand","embeddable":true,"href":"https:\/\/maisoncleo.com\/fr\/wp-json\/wp\/v2\/product_brand?post=370876"},{"taxonomy":"product_cat","embeddable":true,"href":"https:\/\/maisoncleo.com\/fr\/wp-json\/wp\/v2\/product_cat?post=370876"},{"taxonomy":"product_tag","embeddable":true,"href":"https:\/\/maisoncleo.com\/fr\/wp-json\/wp\/v2\/product_tag?post=370876"}],"curies":[{"name":"wp","href":"https:\/\/api.w.org\/{rel}","templated":true}]}}