{"id":370872,"date":"2025-02-05T08:49:27","date_gmt":"2024-10-07T13:02:27","guid":{"rendered":"https:\/\/maisoncleo.com\/?post_type=product&#038;p=370872"},"modified":"2024-10-14T10:54:51","modified_gmt":"2024-10-14T08:54:51","slug":"robe-en-soie-jaune-a-pois-elyna","status":"publish","type":"product","link":"https:\/\/maisoncleo.com\/fr\/shop\/robe-en-soie-jaune-a-pois-elyna\/","title":{"rendered":"Robe en soie jaune \u00e0 pois ELYNA"},"content":{"rendered":"<p><span style=\"font-weight: 400;\">Robe jaune et verte en soie assym\u00e9trique, coupe ajust\u00e9e, fines bretelles, volants dans le bas.<\/span><\/p>\n<p><span style=\"font-weight: 400;\">Doublure en mousseline de soie \u00e9crue. Mousseline de soie d\u00e9licate avec pois verts textur\u00e9s en relief. 100% soie.\u00a0<\/span><\/p>\n<p><span style=\"font-weight: 400;\">La mod\u00e8le mesure 1,72 m. <\/span><\/p>\n","protected":false},"excerpt":{"rendered":"<p>Robe jaune et verte en soie assym\u00e9trique, coupe ajust\u00e9e, fines bretelles, volants dans le bas. Doublure en mousseline de soie \u00e9crue. Mousseline&hellip;<\/p>\n","protected":false},"featured_media":383318,"template":"","meta":[],"product_brand":[],"product_cat":[668,664,661],"product_tag":[],"class_list":{"0":"post-370872","1":"product","2":"type-product","3":"status-publish","4":"has-post-thumbnail","6":"product_cat-capsule","7":"product_cat-robes","8":"product_cat-tout-voir","10":"first","11":"instock","12":"taxable","13":"shipping-taxable","14":"purchasable","15":"product-type-variable"},"_links":{"self":[{"href":"https:\/\/maisoncleo.com\/fr\/wp-json\/wp\/v2\/product\/370872","targetHints":{"allow":["GET"]}}],"collection":[{"href":"https:\/\/maisoncleo.com\/fr\/wp-json\/wp\/v2\/product"}],"about":[{"href":"https:\/\/maisoncleo.com\/fr\/wp-json\/wp\/v2\/types\/product"}],"version-history":[{"count":1,"href":"https:\/\/maisoncleo.com\/fr\/wp-json\/wp\/v2\/product\/370872\/revisions"}],"predecessor-version":[{"id":370874,"href":"https:\/\/maisoncleo.com\/fr\/wp-json\/wp\/v2\/product\/370872\/revisions\/370874"}],"wp:featuredmedia":[{"embeddable":true,"href":"https:\/\/maisoncleo.com\/fr\/wp-json\/wp\/v2\/media\/383318"}],"wp:attachment":[{"href":"https:\/\/maisoncleo.com\/fr\/wp-json\/wp\/v2\/media?parent=370872"}],"wp:term":[{"taxonomy":"product_brand","embeddable":true,"href":"https:\/\/maisoncleo.com\/fr\/wp-json\/wp\/v2\/product_brand?post=370872"},{"taxonomy":"product_cat","embeddable":true,"href":"https:\/\/maisoncleo.com\/fr\/wp-json\/wp\/v2\/product_cat?post=370872"},{"taxonomy":"product_tag","embeddable":true,"href":"https:\/\/maisoncleo.com\/fr\/wp-json\/wp\/v2\/product_tag?post=370872"}],"curies":[{"name":"wp","href":"https:\/\/api.w.org\/{rel}","templated":true}]}}