{"id":370868,"date":"2024-10-09T11:30:02","date_gmt":"2024-10-07T12:59:03","guid":{"rendered":"https:\/\/maisoncleo.com\/?post_type=product&#038;p=370868"},"modified":"2025-05-05T23:03:56","modified_gmt":"2025-05-05T21:03:56","slug":"robe-morane-en-mousseline-de-soie-leopard","status":"publish","type":"product","link":"https:\/\/maisoncleo.com\/fr\/shop\/robe-morane-en-mousseline-de-soie-leopard\/","title":{"rendered":"Robe MORANE en mousseline de soie l\u00e9opard"},"content":{"rendered":"<p><span style=\"font-weight: 400;\">Manches courtes bouffantes \u00e9lastiqu\u00e9es, d\u00e9collet\u00e9 montant, lien dans le dos, d\u00e9coupe au niveau de la poitrine, coupe ajust\u00e9e et fluide, point bourdon, fermeture \u00e9clair invisible sur le c\u00f4t\u00e9.<\/span><\/p>\n<p><span style=\"font-weight: 400;\">Doubl\u00e9e avec de la mousseline de soie noire. 100% soie.<\/span><\/p>\n<p><span style=\"font-weight: 400;\">Longueur : 122 cm.<\/span><\/p>\n<p><span style=\"font-weight: 400;\">La mod\u00e8le mesure 1,72 m. <\/span><\/p>\n","protected":false},"excerpt":{"rendered":"<p>Manches courtes bouffantes \u00e9lastiqu\u00e9es, d\u00e9collet\u00e9 montant, lien dans le dos, d\u00e9coupe au niveau de la poitrine, coupe ajust\u00e9e et fluide, point bourdon,&hellip;<\/p>\n","protected":false},"featured_media":371420,"template":"","meta":[],"product_brand":[],"product_cat":[960,668,664,661],"product_tag":[],"class_list":{"0":"post-370868","1":"product","2":"type-product","3":"status-publish","4":"has-post-thumbnail","6":"product_cat-leopard-selection","7":"product_cat-capsule","8":"product_cat-robes","9":"product_cat-tout-voir","11":"first","12":"outofstock","13":"taxable","14":"shipping-taxable","15":"purchasable","16":"product-type-variable"},"_links":{"self":[{"href":"https:\/\/maisoncleo.com\/fr\/wp-json\/wp\/v2\/product\/370868","targetHints":{"allow":["GET"]}}],"collection":[{"href":"https:\/\/maisoncleo.com\/fr\/wp-json\/wp\/v2\/product"}],"about":[{"href":"https:\/\/maisoncleo.com\/fr\/wp-json\/wp\/v2\/types\/product"}],"version-history":[{"count":1,"href":"https:\/\/maisoncleo.com\/fr\/wp-json\/wp\/v2\/product\/370868\/revisions"}],"predecessor-version":[{"id":370870,"href":"https:\/\/maisoncleo.com\/fr\/wp-json\/wp\/v2\/product\/370868\/revisions\/370870"}],"wp:featuredmedia":[{"embeddable":true,"href":"https:\/\/maisoncleo.com\/fr\/wp-json\/wp\/v2\/media\/371420"}],"wp:attachment":[{"href":"https:\/\/maisoncleo.com\/fr\/wp-json\/wp\/v2\/media?parent=370868"}],"wp:term":[{"taxonomy":"product_brand","embeddable":true,"href":"https:\/\/maisoncleo.com\/fr\/wp-json\/wp\/v2\/product_brand?post=370868"},{"taxonomy":"product_cat","embeddable":true,"href":"https:\/\/maisoncleo.com\/fr\/wp-json\/wp\/v2\/product_cat?post=370868"},{"taxonomy":"product_tag","embeddable":true,"href":"https:\/\/maisoncleo.com\/fr\/wp-json\/wp\/v2\/product_tag?post=370868"}],"curies":[{"name":"wp","href":"https:\/\/api.w.org\/{rel}","templated":true}]}}