{"id":370864,"date":"2024-10-09T07:30:24","date_gmt":"2024-10-09T05:30:24","guid":{"rendered":"https:\/\/maisoncleo.com\/?post_type=product&#038;p=370864"},"modified":"2026-01-19T14:31:34","modified_gmt":"2026-01-19T12:31:34","slug":"cache-coeur-en-dentelle-blanc-casse-polly","status":"publish","type":"product","link":"https:\/\/maisoncleo.com\/fr\/shop\/cache-coeur-en-dentelle-blanc-casse-polly\/","title":{"rendered":"Cache-coeur en dentelle blanc POLLY"},"content":{"rendered":"<p><span style=\"font-weight: 400;\">Top cache-coeur en dentelle, manches longues \u00e9vas\u00e9es, roullott\u00e9.<\/span><\/p>\n<p><span style=\"font-weight: 400;\">La mod\u00e8le mesure 1,72 m.<\/span><\/p>\n<p>A noter : Le tissu dentelle d&rsquo;origine des photos port\u00e9es est maintenant \u00e9puis\u00e9. La blouse et l&rsquo;ensemble seront maintenant faits avec la nouvelle dentelle visible sur les deux derni\u00e8res photos. Il s&rsquo;agit d&rsquo;une dentelle avec des petites fleurs que nous trouvons encore plus jolie \ud83d\ude42<\/p>\n","protected":false},"excerpt":{"rendered":"<p>Top cache-coeur en dentelle, manches longues \u00e9vas\u00e9es, roullott\u00e9. La mod\u00e8le mesure 1,72 m. A noter : Le tissu dentelle d&rsquo;origine des photos&hellip;<\/p>\n","protected":false},"featured_media":371390,"template":"","meta":[],"product_brand":[],"product_cat":[958,668,674,661],"product_tag":[],"class_list":{"0":"post-370864","1":"product","2":"type-product","3":"status-publish","4":"has-post-thumbnail","6":"product_cat-mariage-selection","7":"product_cat-capsule","8":"product_cat-tops","9":"product_cat-tout-voir","11":"first","12":"instock","13":"taxable","14":"shipping-taxable","15":"purchasable","16":"product-type-variable"},"_links":{"self":[{"href":"https:\/\/maisoncleo.com\/fr\/wp-json\/wp\/v2\/product\/370864","targetHints":{"allow":["GET"]}}],"collection":[{"href":"https:\/\/maisoncleo.com\/fr\/wp-json\/wp\/v2\/product"}],"about":[{"href":"https:\/\/maisoncleo.com\/fr\/wp-json\/wp\/v2\/types\/product"}],"version-history":[{"count":3,"href":"https:\/\/maisoncleo.com\/fr\/wp-json\/wp\/v2\/product\/370864\/revisions"}],"predecessor-version":[{"id":389981,"href":"https:\/\/maisoncleo.com\/fr\/wp-json\/wp\/v2\/product\/370864\/revisions\/389981"}],"wp:featuredmedia":[{"embeddable":true,"href":"https:\/\/maisoncleo.com\/fr\/wp-json\/wp\/v2\/media\/371390"}],"wp:attachment":[{"href":"https:\/\/maisoncleo.com\/fr\/wp-json\/wp\/v2\/media?parent=370864"}],"wp:term":[{"taxonomy":"product_brand","embeddable":true,"href":"https:\/\/maisoncleo.com\/fr\/wp-json\/wp\/v2\/product_brand?post=370864"},{"taxonomy":"product_cat","embeddable":true,"href":"https:\/\/maisoncleo.com\/fr\/wp-json\/wp\/v2\/product_cat?post=370864"},{"taxonomy":"product_tag","embeddable":true,"href":"https:\/\/maisoncleo.com\/fr\/wp-json\/wp\/v2\/product_tag?post=370864"}],"curies":[{"name":"wp","href":"https:\/\/api.w.org\/{rel}","templated":true}]}}