{"id":370852,"date":"2024-10-07T14:29:03","date_gmt":"2024-10-07T12:29:03","guid":{"rendered":"https:\/\/maisoncleo.com\/?post_type=product&#038;p=370852"},"modified":"2026-04-13T19:05:51","modified_gmt":"2026-04-13T17:05:51","slug":"robe-blanche-en-dentelle-sandy","status":"publish","type":"product","link":"https:\/\/maisoncleo.com\/fr\/shop\/robe-blanche-en-dentelle-sandy\/","title":{"rendered":"Robe blanche en dentelle SANDY"},"content":{"rendered":"<p><span style=\"font-weight: 400;\">Robe en dentelle blanche, larges bretelles, stretch, d\u00e9collet\u00e9 carr\u00e9, d\u00e9coupes sur le devant, coupe \u00e9vas\u00e9 dans le bas, enti\u00e8rement doubl\u00e9e.<\/span><\/p>\n<p><span style=\"font-weight: 400;\"> Longueur devant le milieu dos : 115 cm.<\/span><\/p>\n<p><span style=\"font-weight: 400;\">La mod\u00e8le mesure 1,72 m.<\/span><\/p>\n<p>A noter : Le tissu dentelle d&rsquo;origine des photos port\u00e9es est maintenant \u00e9puis\u00e9. La blouse et l&rsquo;ensemble seront maintenant faits avec la nouvelle dentelle visible sur les deux derni\u00e8res photos. Il s&rsquo;agit d&rsquo;une dentelle avec des petites fleurs que nous trouvons encore plus jolie \ud83d\ude42<\/p>\n","protected":false},"excerpt":{"rendered":"<p>Robe en dentelle blanche, larges bretelles, stretch, d\u00e9collet\u00e9 carr\u00e9, d\u00e9coupes sur le devant, coupe \u00e9vas\u00e9 dans le bas, enti\u00e8rement doubl\u00e9e. Longueur devant&hellip;<\/p>\n","protected":false},"featured_media":371320,"template":"","meta":[],"product_brand":[],"product_cat":[958,668,664,661],"product_tag":[],"class_list":{"0":"post-370852","1":"product","2":"type-product","3":"status-publish","4":"has-post-thumbnail","6":"product_cat-mariage-selection","7":"product_cat-capsule","8":"product_cat-robes","9":"product_cat-tout-voir","11":"first","12":"instock","13":"taxable","14":"shipping-taxable","15":"purchasable","16":"product-type-variable"},"_links":{"self":[{"href":"https:\/\/maisoncleo.com\/fr\/wp-json\/wp\/v2\/product\/370852","targetHints":{"allow":["GET"]}}],"collection":[{"href":"https:\/\/maisoncleo.com\/fr\/wp-json\/wp\/v2\/product"}],"about":[{"href":"https:\/\/maisoncleo.com\/fr\/wp-json\/wp\/v2\/types\/product"}],"version-history":[{"count":2,"href":"https:\/\/maisoncleo.com\/fr\/wp-json\/wp\/v2\/product\/370852\/revisions"}],"predecessor-version":[{"id":389997,"href":"https:\/\/maisoncleo.com\/fr\/wp-json\/wp\/v2\/product\/370852\/revisions\/389997"}],"wp:featuredmedia":[{"embeddable":true,"href":"https:\/\/maisoncleo.com\/fr\/wp-json\/wp\/v2\/media\/371320"}],"wp:attachment":[{"href":"https:\/\/maisoncleo.com\/fr\/wp-json\/wp\/v2\/media?parent=370852"}],"wp:term":[{"taxonomy":"product_brand","embeddable":true,"href":"https:\/\/maisoncleo.com\/fr\/wp-json\/wp\/v2\/product_brand?post=370852"},{"taxonomy":"product_cat","embeddable":true,"href":"https:\/\/maisoncleo.com\/fr\/wp-json\/wp\/v2\/product_cat?post=370852"},{"taxonomy":"product_tag","embeddable":true,"href":"https:\/\/maisoncleo.com\/fr\/wp-json\/wp\/v2\/product_tag?post=370852"}],"curies":[{"name":"wp","href":"https:\/\/api.w.org\/{rel}","templated":true}]}}