{"id":370846,"date":"2024-10-09T11:55:51","date_gmt":"2024-10-07T10:56:51","guid":{"rendered":"https:\/\/maisoncleo.com\/?post_type=product&#038;p=370846"},"modified":"2024-10-10T12:26:51","modified_gmt":"2024-10-10T10:26:51","slug":"chemise-en-coton-blanc-volantee-darta","status":"publish","type":"product","link":"https:\/\/maisoncleo.com\/fr\/shop\/chemise-en-coton-blanc-volantee-darta\/","title":{"rendered":"Chemise en coton blanc volant\u00e9e DARTA"},"content":{"rendered":"<p><span style=\"font-weight: 400;\">Notre chemise favorite de la nouvelle collection.<\/span><\/p>\n<p><span style=\"font-weight: 400;\">Chemise en coton blanc avec volants, 4 liens sur le devant, col chemise, poignets \u00e9lastiqu\u00e9s, broderies anglaise sur le col et les poignets, d\u00e9coupes sur le devant, fentes c\u00f4t\u00e9s.<\/span><\/p>\n<p><span style=\"font-weight: 400;\">Longueur : 65 cm.<\/span><\/p>\n<p><span style=\"font-weight: 400;\">La mod\u00e8le mesure 1,72 m.<\/span><\/p>\n","protected":false},"excerpt":{"rendered":"<p>Notre chemise favorite de la nouvelle collection. Chemise en coton blanc avec volants, 4 liens sur le devant, col chemise, poignets \u00e9lastiqu\u00e9s,&hellip;<\/p>\n","protected":false},"featured_media":371358,"template":"","meta":[],"product_brand":[],"product_cat":[663,668,661],"product_tag":[],"class_list":{"0":"post-370846","1":"product","2":"type-product","3":"status-publish","4":"has-post-thumbnail","6":"product_cat-blouses","7":"product_cat-capsule","8":"product_cat-tout-voir","10":"first","11":"instock","12":"taxable","13":"shipping-taxable","14":"purchasable","15":"product-type-variable"},"_links":{"self":[{"href":"https:\/\/maisoncleo.com\/fr\/wp-json\/wp\/v2\/product\/370846","targetHints":{"allow":["GET"]}}],"collection":[{"href":"https:\/\/maisoncleo.com\/fr\/wp-json\/wp\/v2\/product"}],"about":[{"href":"https:\/\/maisoncleo.com\/fr\/wp-json\/wp\/v2\/types\/product"}],"version-history":[{"count":1,"href":"https:\/\/maisoncleo.com\/fr\/wp-json\/wp\/v2\/product\/370846\/revisions"}],"predecessor-version":[{"id":370848,"href":"https:\/\/maisoncleo.com\/fr\/wp-json\/wp\/v2\/product\/370846\/revisions\/370848"}],"wp:featuredmedia":[{"embeddable":true,"href":"https:\/\/maisoncleo.com\/fr\/wp-json\/wp\/v2\/media\/371358"}],"wp:attachment":[{"href":"https:\/\/maisoncleo.com\/fr\/wp-json\/wp\/v2\/media?parent=370846"}],"wp:term":[{"taxonomy":"product_brand","embeddable":true,"href":"https:\/\/maisoncleo.com\/fr\/wp-json\/wp\/v2\/product_brand?post=370846"},{"taxonomy":"product_cat","embeddable":true,"href":"https:\/\/maisoncleo.com\/fr\/wp-json\/wp\/v2\/product_cat?post=370846"},{"taxonomy":"product_tag","embeddable":true,"href":"https:\/\/maisoncleo.com\/fr\/wp-json\/wp\/v2\/product_tag?post=370846"}],"curies":[{"name":"wp","href":"https:\/\/api.w.org\/{rel}","templated":true}]}}