{"id":370842,"date":"2024-10-09T07:19:40","date_gmt":"2024-10-09T05:19:40","guid":{"rendered":"https:\/\/maisoncleo.com\/?post_type=product&#038;p=370842"},"modified":"2025-06-14T22:51:20","modified_gmt":"2025-06-14T20:51:20","slug":"t-shirt-manches-longues-leopard-joan","status":"publish","type":"product","link":"https:\/\/maisoncleo.com\/fr\/shop\/t-shirt-manches-longues-leopard-joan\/","title":{"rendered":"T-shirt manches longues leopard JOAN"},"content":{"rendered":"<p><span style=\"font-weight: 400;\">Top l\u00e9opard manches longues, col arrondi. Tissu de motifs \u00e0 petites t\u00e2ches l\u00e9opard.<\/span><\/p>\n<p><span style=\"font-weight: 400;\">Petit coeur argent\u00e9 \u201cFFF\u201d fabriqu\u00e9 en France (=F*ck Fast Fashion).<\/span><\/p>\n<p><span style=\"font-weight: 400;\">La mod\u00e8le mesure 1,72 m.<\/span><\/p>\n","protected":false},"excerpt":{"rendered":"<p>Top l\u00e9opard manches longues, col arrondi. Tissu de motifs \u00e0 petites t\u00e2ches l\u00e9opard. Petit coeur argent\u00e9 \u201cFFF\u201d fabriqu\u00e9 en France (=F*ck Fast&hellip;<\/p>\n","protected":false},"featured_media":371287,"template":"","meta":[],"product_brand":[],"product_cat":[960,668,674,661],"product_tag":[],"class_list":{"0":"post-370842","1":"product","2":"type-product","3":"status-publish","4":"has-post-thumbnail","6":"product_cat-leopard-selection","7":"product_cat-capsule","8":"product_cat-tops","9":"product_cat-tout-voir","11":"first","12":"outofstock","13":"taxable","14":"shipping-taxable","15":"purchasable","16":"product-type-variable"},"_links":{"self":[{"href":"https:\/\/maisoncleo.com\/fr\/wp-json\/wp\/v2\/product\/370842","targetHints":{"allow":["GET"]}}],"collection":[{"href":"https:\/\/maisoncleo.com\/fr\/wp-json\/wp\/v2\/product"}],"about":[{"href":"https:\/\/maisoncleo.com\/fr\/wp-json\/wp\/v2\/types\/product"}],"version-history":[{"count":1,"href":"https:\/\/maisoncleo.com\/fr\/wp-json\/wp\/v2\/product\/370842\/revisions"}],"predecessor-version":[{"id":370844,"href":"https:\/\/maisoncleo.com\/fr\/wp-json\/wp\/v2\/product\/370842\/revisions\/370844"}],"wp:featuredmedia":[{"embeddable":true,"href":"https:\/\/maisoncleo.com\/fr\/wp-json\/wp\/v2\/media\/371287"}],"wp:attachment":[{"href":"https:\/\/maisoncleo.com\/fr\/wp-json\/wp\/v2\/media?parent=370842"}],"wp:term":[{"taxonomy":"product_brand","embeddable":true,"href":"https:\/\/maisoncleo.com\/fr\/wp-json\/wp\/v2\/product_brand?post=370842"},{"taxonomy":"product_cat","embeddable":true,"href":"https:\/\/maisoncleo.com\/fr\/wp-json\/wp\/v2\/product_cat?post=370842"},{"taxonomy":"product_tag","embeddable":true,"href":"https:\/\/maisoncleo.com\/fr\/wp-json\/wp\/v2\/product_tag?post=370842"}],"curies":[{"name":"wp","href":"https:\/\/api.w.org\/{rel}","templated":true}]}}