{"id":370838,"date":"2024-10-07T12:49:36","date_gmt":"2024-10-07T10:49:36","guid":{"rendered":"https:\/\/maisoncleo.com\/?post_type=product&#038;p=370838"},"modified":"2024-10-15T00:14:39","modified_gmt":"2024-10-14T22:14:39","slug":"t-shirt-manches-longues-leopard-roulotte-petit-noeud-rouge-marcia","status":"publish","type":"product","link":"https:\/\/maisoncleo.com\/fr\/shop\/t-shirt-manches-longues-leopard-roulotte-petit-noeud-rouge-marcia\/","title":{"rendered":"T-shirt manches longues leopard roulott\u00e9 petit noeud rouge MARCIA"},"content":{"rendered":"<p><span style=\"font-weight: 400;\">Top l\u00e9opard manches longues avec bords roulott\u00e9s, col arrondi, petit n\u0153ud rouge sur le d\u00e9collet\u00e9.<\/span><\/p>\n<p><span style=\"font-weight: 400;\">Tissu de motifs \u00e0 petites t\u00e2ches l\u00e9opard.<\/span><\/p>\n<p><span style=\"font-weight: 400;\">La mod\u00e8le mesure 1,72 m.<\/span><\/p>\n","protected":false},"excerpt":{"rendered":"<p>Top l\u00e9opard manches longues avec bords roulott\u00e9s, col arrondi, petit n\u0153ud rouge sur le d\u00e9collet\u00e9. Tissu de motifs \u00e0 petites t\u00e2ches l\u00e9opard.&hellip;<\/p>\n","protected":false},"featured_media":371267,"template":"","meta":[],"product_brand":[],"product_cat":[960,668,674,661],"product_tag":[],"class_list":{"0":"post-370838","1":"product","2":"type-product","3":"status-publish","4":"has-post-thumbnail","6":"product_cat-leopard-selection","7":"product_cat-capsule","8":"product_cat-tops","9":"product_cat-tout-voir","11":"first","12":"outofstock","13":"taxable","14":"shipping-taxable","15":"purchasable","16":"product-type-variable"},"_links":{"self":[{"href":"https:\/\/maisoncleo.com\/fr\/wp-json\/wp\/v2\/product\/370838","targetHints":{"allow":["GET"]}}],"collection":[{"href":"https:\/\/maisoncleo.com\/fr\/wp-json\/wp\/v2\/product"}],"about":[{"href":"https:\/\/maisoncleo.com\/fr\/wp-json\/wp\/v2\/types\/product"}],"version-history":[{"count":1,"href":"https:\/\/maisoncleo.com\/fr\/wp-json\/wp\/v2\/product\/370838\/revisions"}],"predecessor-version":[{"id":370840,"href":"https:\/\/maisoncleo.com\/fr\/wp-json\/wp\/v2\/product\/370838\/revisions\/370840"}],"wp:featuredmedia":[{"embeddable":true,"href":"https:\/\/maisoncleo.com\/fr\/wp-json\/wp\/v2\/media\/371267"}],"wp:attachment":[{"href":"https:\/\/maisoncleo.com\/fr\/wp-json\/wp\/v2\/media?parent=370838"}],"wp:term":[{"taxonomy":"product_brand","embeddable":true,"href":"https:\/\/maisoncleo.com\/fr\/wp-json\/wp\/v2\/product_brand?post=370838"},{"taxonomy":"product_cat","embeddable":true,"href":"https:\/\/maisoncleo.com\/fr\/wp-json\/wp\/v2\/product_cat?post=370838"},{"taxonomy":"product_tag","embeddable":true,"href":"https:\/\/maisoncleo.com\/fr\/wp-json\/wp\/v2\/product_tag?post=370838"}],"curies":[{"name":"wp","href":"https:\/\/api.w.org\/{rel}","templated":true}]}}