{"id":370834,"date":"2024-10-07T12:46:00","date_gmt":"2024-10-07T10:46:01","guid":{"rendered":"https:\/\/maisoncleo.com\/?post_type=product&#038;p=370834"},"modified":"2024-10-14T09:33:41","modified_gmt":"2024-10-14T07:33:41","slug":"robe-jaune-carreaux-plissee-en-tweed-nancy","status":"publish","type":"product","link":"https:\/\/maisoncleo.com\/fr\/shop\/robe-jaune-carreaux-plissee-en-tweed-nancy\/","title":{"rendered":"Robe jaune carreaux pliss\u00e9e en tweed NANCY"},"content":{"rendered":"<p><span style=\"font-weight: 400;\">Robe en tweed pliss\u00e9e \u00e0 carreaux jaune, larges bretelles, d\u00e9collet\u00e9 carr\u00e9, jupe mi-longue pliss\u00e9e, fermeture \u00e9clair dans le milieu dos.<\/span><\/p>\n<p><span style=\"font-weight: 400;\">Fabric tweed en m\u00e9lange de coton provenant d\u2019une maison de Couture italienne.<\/span><\/p>\n<p><span style=\"font-weight: 400;\">Petit coeur argent\u00e9 \u201cFFF\u201d fabriqu\u00e9 en France (=F*ck Fast Fashion).<\/span><\/p>\n","protected":false},"excerpt":{"rendered":"<p>Robe en tweed pliss\u00e9e \u00e0 carreaux jaune, larges bretelles, d\u00e9collet\u00e9 carr\u00e9, jupe mi-longue pliss\u00e9e, fermeture \u00e9clair dans le milieu dos. Fabric tweed&hellip;<\/p>\n","protected":false},"featured_media":371261,"template":"","meta":[],"product_brand":[],"product_cat":[668,664,661],"product_tag":[],"class_list":{"0":"post-370834","1":"product","2":"type-product","3":"status-publish","4":"has-post-thumbnail","6":"product_cat-capsule","7":"product_cat-robes","8":"product_cat-tout-voir","10":"first","11":"instock","12":"taxable","13":"shipping-taxable","14":"purchasable","15":"product-type-variable"},"_links":{"self":[{"href":"https:\/\/maisoncleo.com\/fr\/wp-json\/wp\/v2\/product\/370834","targetHints":{"allow":["GET"]}}],"collection":[{"href":"https:\/\/maisoncleo.com\/fr\/wp-json\/wp\/v2\/product"}],"about":[{"href":"https:\/\/maisoncleo.com\/fr\/wp-json\/wp\/v2\/types\/product"}],"version-history":[{"count":1,"href":"https:\/\/maisoncleo.com\/fr\/wp-json\/wp\/v2\/product\/370834\/revisions"}],"predecessor-version":[{"id":370836,"href":"https:\/\/maisoncleo.com\/fr\/wp-json\/wp\/v2\/product\/370834\/revisions\/370836"}],"wp:featuredmedia":[{"embeddable":true,"href":"https:\/\/maisoncleo.com\/fr\/wp-json\/wp\/v2\/media\/371261"}],"wp:attachment":[{"href":"https:\/\/maisoncleo.com\/fr\/wp-json\/wp\/v2\/media?parent=370834"}],"wp:term":[{"taxonomy":"product_brand","embeddable":true,"href":"https:\/\/maisoncleo.com\/fr\/wp-json\/wp\/v2\/product_brand?post=370834"},{"taxonomy":"product_cat","embeddable":true,"href":"https:\/\/maisoncleo.com\/fr\/wp-json\/wp\/v2\/product_cat?post=370834"},{"taxonomy":"product_tag","embeddable":true,"href":"https:\/\/maisoncleo.com\/fr\/wp-json\/wp\/v2\/product_tag?post=370834"}],"curies":[{"name":"wp","href":"https:\/\/api.w.org\/{rel}","templated":true}]}}