{"id":370826,"date":"2024-10-07T12:35:24","date_gmt":"2024-10-07T10:35:24","guid":{"rendered":"https:\/\/maisoncleo.com\/?post_type=product&#038;p=370826"},"modified":"2026-04-13T22:37:06","modified_gmt":"2026-04-13T20:37:06","slug":"blouse-agnes-en-soie-duchesse-marron-glace","status":"publish","type":"product","link":"https:\/\/maisoncleo.com\/fr\/shop\/blouse-agnes-en-soie-duchesse-marron-glace\/","title":{"rendered":"Blouse Agnes en soie duchesse marron glac\u00e9"},"content":{"rendered":"<p><span style=\"font-weight: 400;\">Blouse Agn\u00e8s en soie marron glac\u00e9, coupe oversize, manches larges bouffantes, deux liens \u00e0 nouer sur le devant.<\/span><\/p>\n<p><span style=\"font-weight: 400;\">Notre blouse iconique.<\/span><\/p>\n<p><span style=\"font-weight: 400;\">100% soie.<\/span><\/p>\n<p><span style=\"font-weight: 400;\">La mod\u00e8le mesure 1,72 m.<\/span><\/p>\n","protected":false},"excerpt":{"rendered":"<p>Blouse Agn\u00e8s en soie marron glac\u00e9, coupe oversize, manches larges bouffantes, deux liens \u00e0 nouer sur le devant. Notre blouse iconique. 100%&hellip;<\/p>\n","protected":false},"featured_media":371239,"template":"","meta":[],"product_brand":[],"product_cat":[663,668,661],"product_tag":[],"class_list":{"0":"post-370826","1":"product","2":"type-product","3":"status-publish","4":"has-post-thumbnail","6":"product_cat-blouses","7":"product_cat-capsule","8":"product_cat-tout-voir","10":"first","11":"instock","12":"taxable","13":"shipping-taxable","14":"purchasable","15":"product-type-variable"},"_links":{"self":[{"href":"https:\/\/maisoncleo.com\/fr\/wp-json\/wp\/v2\/product\/370826","targetHints":{"allow":["GET"]}}],"collection":[{"href":"https:\/\/maisoncleo.com\/fr\/wp-json\/wp\/v2\/product"}],"about":[{"href":"https:\/\/maisoncleo.com\/fr\/wp-json\/wp\/v2\/types\/product"}],"version-history":[{"count":2,"href":"https:\/\/maisoncleo.com\/fr\/wp-json\/wp\/v2\/product\/370826\/revisions"}],"predecessor-version":[{"id":372739,"href":"https:\/\/maisoncleo.com\/fr\/wp-json\/wp\/v2\/product\/370826\/revisions\/372739"}],"wp:featuredmedia":[{"embeddable":true,"href":"https:\/\/maisoncleo.com\/fr\/wp-json\/wp\/v2\/media\/371239"}],"wp:attachment":[{"href":"https:\/\/maisoncleo.com\/fr\/wp-json\/wp\/v2\/media?parent=370826"}],"wp:term":[{"taxonomy":"product_brand","embeddable":true,"href":"https:\/\/maisoncleo.com\/fr\/wp-json\/wp\/v2\/product_brand?post=370826"},{"taxonomy":"product_cat","embeddable":true,"href":"https:\/\/maisoncleo.com\/fr\/wp-json\/wp\/v2\/product_cat?post=370826"},{"taxonomy":"product_tag","embeddable":true,"href":"https:\/\/maisoncleo.com\/fr\/wp-json\/wp\/v2\/product_tag?post=370826"}],"curies":[{"name":"wp","href":"https:\/\/api.w.org\/{rel}","templated":true}]}}