{"id":370814,"date":"2024-10-07T12:22:00","date_gmt":"2024-10-07T10:22:00","guid":{"rendered":"https:\/\/maisoncleo.com\/?post_type=product&#038;p=370814"},"modified":"2024-10-14T10:02:36","modified_gmt":"2024-10-14T08:02:36","slug":"jupe-mi-longue-a-carreaux-vert-en-laine-yasha","status":"publish","type":"product","link":"https:\/\/maisoncleo.com\/fr\/shop\/jupe-mi-longue-a-carreaux-vert-en-laine-yasha\/","title":{"rendered":"Jupe mi-longue \u00e0 carreaux vert en laine YASHA"},"content":{"rendered":"<p><span style=\"font-weight: 400;\">Jupe mi-longue en laine, fente sur le c\u00f4t\u00e9 devant, carreaux noirs et verts, coupe droite, l\u00e9g\u00e8rement trap\u00e8ze dans le bas, fermeture \u00e9clair dans le dos.<\/span><\/p>\n<p><span style=\"font-weight: 400;\">Laine \u00e9paisse provenant d\u2019une maison de Couture italienne.<\/span><\/p>\n<p><span style=\"font-weight: 400;\">Longueur : 70 cm.<\/span><\/p>\n<p><span style=\"font-weight: 400;\">La mod\u00e8le mesure 1,72 m.<\/span><\/p>\n","protected":false},"excerpt":{"rendered":"<p>Jupe mi-longue en laine, fente sur le c\u00f4t\u00e9 devant, carreaux noirs et verts, coupe droite, l\u00e9g\u00e8rement trap\u00e8ze dans le bas, fermeture \u00e9clair&hellip;<\/p>\n","protected":false},"featured_media":371219,"template":"","meta":[],"product_brand":[],"product_cat":[672,668,661],"product_tag":[],"class_list":{"0":"post-370814","1":"product","2":"type-product","3":"status-publish","4":"has-post-thumbnail","6":"product_cat-jupes","7":"product_cat-capsule","8":"product_cat-tout-voir","10":"first","11":"instock","12":"taxable","13":"shipping-taxable","14":"purchasable","15":"product-type-variable"},"_links":{"self":[{"href":"https:\/\/maisoncleo.com\/fr\/wp-json\/wp\/v2\/product\/370814","targetHints":{"allow":["GET"]}}],"collection":[{"href":"https:\/\/maisoncleo.com\/fr\/wp-json\/wp\/v2\/product"}],"about":[{"href":"https:\/\/maisoncleo.com\/fr\/wp-json\/wp\/v2\/types\/product"}],"version-history":[{"count":1,"href":"https:\/\/maisoncleo.com\/fr\/wp-json\/wp\/v2\/product\/370814\/revisions"}],"predecessor-version":[{"id":370816,"href":"https:\/\/maisoncleo.com\/fr\/wp-json\/wp\/v2\/product\/370814\/revisions\/370816"}],"wp:featuredmedia":[{"embeddable":true,"href":"https:\/\/maisoncleo.com\/fr\/wp-json\/wp\/v2\/media\/371219"}],"wp:attachment":[{"href":"https:\/\/maisoncleo.com\/fr\/wp-json\/wp\/v2\/media?parent=370814"}],"wp:term":[{"taxonomy":"product_brand","embeddable":true,"href":"https:\/\/maisoncleo.com\/fr\/wp-json\/wp\/v2\/product_brand?post=370814"},{"taxonomy":"product_cat","embeddable":true,"href":"https:\/\/maisoncleo.com\/fr\/wp-json\/wp\/v2\/product_cat?post=370814"},{"taxonomy":"product_tag","embeddable":true,"href":"https:\/\/maisoncleo.com\/fr\/wp-json\/wp\/v2\/product_tag?post=370814"}],"curies":[{"name":"wp","href":"https:\/\/api.w.org\/{rel}","templated":true}]}}