{"id":370810,"date":"2024-10-09T11:20:21","date_gmt":"2024-10-07T10:16:21","guid":{"rendered":"https:\/\/maisoncleo.com\/?post_type=product&#038;p=370810"},"modified":"2024-10-09T09:36:34","modified_gmt":"2024-10-09T07:36:34","slug":"robe-trapeze-noire-en-soie-bonnie","status":"publish","type":"product","link":"https:\/\/maisoncleo.com\/fr\/shop\/robe-trapeze-noire-en-soie-bonnie\/","title":{"rendered":"Robe trapeze noire en soie BONNIE"},"content":{"rendered":"<p><span style=\"font-weight: 400;\">Robe trap\u00e8ze en soie noire, sans manches, col arrondi, d\u00e9coupes sur le devant, fermeture \u00e9clair dans le dos.<\/span><\/p>\n<p><span style=\"font-weight: 400;\">100% soie.<\/span><\/p>\n<p><span style=\"font-weight: 400;\">Longueur du milieu dos : 74 cm.\u00a0<\/span><\/p>\n<p><span style=\"font-weight: 400;\">La mod\u00e8le mesure 1,72 m.<\/span><\/p>\n","protected":false},"excerpt":{"rendered":"<p>Robe trap\u00e8ze en soie noire, sans manches, col arrondi, d\u00e9coupes sur le devant, fermeture \u00e9clair dans le dos. 100% soie. Longueur du&hellip;<\/p>\n","protected":false},"featured_media":371179,"template":"","meta":[],"product_brand":[],"product_cat":[668,664,661],"product_tag":[],"class_list":{"0":"post-370810","1":"product","2":"type-product","3":"status-publish","4":"has-post-thumbnail","6":"product_cat-capsule","7":"product_cat-robes","8":"product_cat-tout-voir","10":"first","11":"instock","12":"taxable","13":"shipping-taxable","14":"purchasable","15":"product-type-variable"},"_links":{"self":[{"href":"https:\/\/maisoncleo.com\/fr\/wp-json\/wp\/v2\/product\/370810","targetHints":{"allow":["GET"]}}],"collection":[{"href":"https:\/\/maisoncleo.com\/fr\/wp-json\/wp\/v2\/product"}],"about":[{"href":"https:\/\/maisoncleo.com\/fr\/wp-json\/wp\/v2\/types\/product"}],"version-history":[{"count":1,"href":"https:\/\/maisoncleo.com\/fr\/wp-json\/wp\/v2\/product\/370810\/revisions"}],"predecessor-version":[{"id":370812,"href":"https:\/\/maisoncleo.com\/fr\/wp-json\/wp\/v2\/product\/370810\/revisions\/370812"}],"wp:featuredmedia":[{"embeddable":true,"href":"https:\/\/maisoncleo.com\/fr\/wp-json\/wp\/v2\/media\/371179"}],"wp:attachment":[{"href":"https:\/\/maisoncleo.com\/fr\/wp-json\/wp\/v2\/media?parent=370810"}],"wp:term":[{"taxonomy":"product_brand","embeddable":true,"href":"https:\/\/maisoncleo.com\/fr\/wp-json\/wp\/v2\/product_brand?post=370810"},{"taxonomy":"product_cat","embeddable":true,"href":"https:\/\/maisoncleo.com\/fr\/wp-json\/wp\/v2\/product_cat?post=370810"},{"taxonomy":"product_tag","embeddable":true,"href":"https:\/\/maisoncleo.com\/fr\/wp-json\/wp\/v2\/product_tag?post=370810"}],"curies":[{"name":"wp","href":"https:\/\/api.w.org\/{rel}","templated":true}]}}