{"id":370802,"date":"2024-10-09T07:50:00","date_gmt":"2024-10-07T10:06:00","guid":{"rendered":"https:\/\/maisoncleo.com\/?post_type=product&#038;p=370802"},"modified":"2024-10-14T10:55:36","modified_gmt":"2024-10-14T08:55:36","slug":"robe-jersey-leopard-miley","status":"publish","type":"product","link":"https:\/\/maisoncleo.com\/fr\/shop\/robe-jersey-leopard-miley\/","title":{"rendered":"Robe jersey leopard MILEY"},"content":{"rendered":"<p><span style=\"font-weight: 400;\">Robe l\u00e9opard moulante en jersey l\u00e9opard. Larges bretelles, d\u00e9collet\u00e9 en carr\u00e9, d\u00e9coupes sur le devant.<\/span><\/p>\n<p><span style=\"font-weight: 400;\">Tissu en jersey de l\u00e9opard fin.<\/span><\/p>\n<p><span style=\"font-weight: 400;\">Longueur du milieu dos : 75 cm.<\/span><\/p>\n<p><span style=\"font-weight: 400;\">La mod\u00e8le mesure 1,72 m.<\/span><\/p>\n","protected":false},"excerpt":{"rendered":"<p>Robe l\u00e9opard moulante en jersey l\u00e9opard. Larges bretelles, d\u00e9collet\u00e9 en carr\u00e9, d\u00e9coupes sur le devant. Tissu en jersey de l\u00e9opard fin. Longueur&hellip;<\/p>\n","protected":false},"featured_media":371159,"template":"","meta":[],"product_brand":[],"product_cat":[960,668,664,661],"product_tag":[],"class_list":{"0":"post-370802","1":"product","2":"type-product","3":"status-publish","4":"has-post-thumbnail","6":"product_cat-leopard-selection","7":"product_cat-capsule","8":"product_cat-robes","9":"product_cat-tout-voir","11":"first","12":"outofstock","13":"taxable","14":"shipping-taxable","15":"purchasable","16":"product-type-variable"},"_links":{"self":[{"href":"https:\/\/maisoncleo.com\/fr\/wp-json\/wp\/v2\/product\/370802","targetHints":{"allow":["GET"]}}],"collection":[{"href":"https:\/\/maisoncleo.com\/fr\/wp-json\/wp\/v2\/product"}],"about":[{"href":"https:\/\/maisoncleo.com\/fr\/wp-json\/wp\/v2\/types\/product"}],"version-history":[{"count":1,"href":"https:\/\/maisoncleo.com\/fr\/wp-json\/wp\/v2\/product\/370802\/revisions"}],"predecessor-version":[{"id":370804,"href":"https:\/\/maisoncleo.com\/fr\/wp-json\/wp\/v2\/product\/370802\/revisions\/370804"}],"wp:featuredmedia":[{"embeddable":true,"href":"https:\/\/maisoncleo.com\/fr\/wp-json\/wp\/v2\/media\/371159"}],"wp:attachment":[{"href":"https:\/\/maisoncleo.com\/fr\/wp-json\/wp\/v2\/media?parent=370802"}],"wp:term":[{"taxonomy":"product_brand","embeddable":true,"href":"https:\/\/maisoncleo.com\/fr\/wp-json\/wp\/v2\/product_brand?post=370802"},{"taxonomy":"product_cat","embeddable":true,"href":"https:\/\/maisoncleo.com\/fr\/wp-json\/wp\/v2\/product_cat?post=370802"},{"taxonomy":"product_tag","embeddable":true,"href":"https:\/\/maisoncleo.com\/fr\/wp-json\/wp\/v2\/product_tag?post=370802"}],"curies":[{"name":"wp","href":"https:\/\/api.w.org\/{rel}","templated":true}]}}