{"id":370794,"date":"2024-10-08T14:42:22","date_gmt":"2024-10-07T09:55:22","guid":{"rendered":"https:\/\/maisoncleo.com\/?post_type=product&#038;p=370794"},"modified":"2025-03-05T17:58:26","modified_gmt":"2025-03-05T15:58:26","slug":"pantalon-large-en-jean-brut-janis","status":"publish","type":"product","link":"https:\/\/maisoncleo.com\/fr\/shop\/pantalon-large-en-jean-brut-janis\/","title":{"rendered":"Pantalon large en jean brut JANIS"},"content":{"rendered":"<p><span style=\"font-weight: 400;\">Pantalon large en jean denim, bande large \u00e0 la taille, deux poches larges c\u00f4t\u00e9s, coutures ton camel, fermeture \u00e9clair c\u00f4t\u00e9.<\/span><\/p>\n<p><span style=\"font-weight: 400;\"> Longueur : 110,5 cm.<\/span><\/p>\n<p><span style=\"font-weight: 400;\">La mod\u00e8le mesure 1,72 m.<\/span><\/p>\n","protected":false},"excerpt":{"rendered":"<p>Pantalon large en jean denim, bande large \u00e0 la taille, deux poches larges c\u00f4t\u00e9s, coutures ton camel, fermeture \u00e9clair c\u00f4t\u00e9. Longueur :&hellip;<\/p>\n","protected":false},"featured_media":371141,"template":"","meta":[],"product_brand":[],"product_cat":[668,675,661],"product_tag":[],"class_list":{"0":"post-370794","1":"product","2":"type-product","3":"status-publish","4":"has-post-thumbnail","6":"product_cat-capsule","7":"product_cat-pantalons-shorts","8":"product_cat-tout-voir","10":"first","11":"instock","12":"taxable","13":"shipping-taxable","14":"purchasable","15":"product-type-variable"},"_links":{"self":[{"href":"https:\/\/maisoncleo.com\/fr\/wp-json\/wp\/v2\/product\/370794","targetHints":{"allow":["GET"]}}],"collection":[{"href":"https:\/\/maisoncleo.com\/fr\/wp-json\/wp\/v2\/product"}],"about":[{"href":"https:\/\/maisoncleo.com\/fr\/wp-json\/wp\/v2\/types\/product"}],"version-history":[{"count":1,"href":"https:\/\/maisoncleo.com\/fr\/wp-json\/wp\/v2\/product\/370794\/revisions"}],"predecessor-version":[{"id":370796,"href":"https:\/\/maisoncleo.com\/fr\/wp-json\/wp\/v2\/product\/370794\/revisions\/370796"}],"wp:featuredmedia":[{"embeddable":true,"href":"https:\/\/maisoncleo.com\/fr\/wp-json\/wp\/v2\/media\/371141"}],"wp:attachment":[{"href":"https:\/\/maisoncleo.com\/fr\/wp-json\/wp\/v2\/media?parent=370794"}],"wp:term":[{"taxonomy":"product_brand","embeddable":true,"href":"https:\/\/maisoncleo.com\/fr\/wp-json\/wp\/v2\/product_brand?post=370794"},{"taxonomy":"product_cat","embeddable":true,"href":"https:\/\/maisoncleo.com\/fr\/wp-json\/wp\/v2\/product_cat?post=370794"},{"taxonomy":"product_tag","embeddable":true,"href":"https:\/\/maisoncleo.com\/fr\/wp-json\/wp\/v2\/product_tag?post=370794"}],"curies":[{"name":"wp","href":"https:\/\/api.w.org\/{rel}","templated":true}]}}