{"id":370790,"date":"2024-10-09T09:30:35","date_gmt":"2024-10-07T09:49:35","guid":{"rendered":"https:\/\/maisoncleo.com\/?post_type=product&#038;p=370790"},"modified":"2025-09-22T13:49:45","modified_gmt":"2025-09-22T11:49:45","slug":"jupe-trapeze-faux-python-teila","status":"publish","type":"product","link":"https:\/\/maisoncleo.com\/fr\/shop\/jupe-trapeze-faux-python-teila\/","title":{"rendered":"Jupe trapeze faux python TEILA"},"content":{"rendered":"<p><span style=\"font-weight: 400;\">Jupe trap\u00e8ze en faux python, fermeture \u00e9clair dans le dos.<\/span><\/p>\n<p><span style=\"font-weight: 400;\">Jolis tons de marrons chauds.<\/span><\/p>\n<p><span style=\"font-weight: 400;\">Longueur : 37 cm. La mod\u00e8le mesure 1,72 m.<\/span><\/p>\n","protected":false},"excerpt":{"rendered":"<p>Jupe trap\u00e8ze en faux python, fermeture \u00e9clair dans le dos. Jolis tons de marrons chauds. Longueur : 37 cm. La mod\u00e8le mesure&hellip;<\/p>\n","protected":false},"featured_media":371131,"template":"","meta":[],"product_brand":[],"product_cat":[672,668,661],"product_tag":[],"class_list":{"0":"post-370790","1":"product","2":"type-product","3":"status-publish","4":"has-post-thumbnail","6":"product_cat-jupes","7":"product_cat-capsule","8":"product_cat-tout-voir","10":"first","11":"instock","12":"taxable","13":"shipping-taxable","14":"purchasable","15":"product-type-variable"},"_links":{"self":[{"href":"https:\/\/maisoncleo.com\/fr\/wp-json\/wp\/v2\/product\/370790","targetHints":{"allow":["GET"]}}],"collection":[{"href":"https:\/\/maisoncleo.com\/fr\/wp-json\/wp\/v2\/product"}],"about":[{"href":"https:\/\/maisoncleo.com\/fr\/wp-json\/wp\/v2\/types\/product"}],"version-history":[{"count":1,"href":"https:\/\/maisoncleo.com\/fr\/wp-json\/wp\/v2\/product\/370790\/revisions"}],"predecessor-version":[{"id":370792,"href":"https:\/\/maisoncleo.com\/fr\/wp-json\/wp\/v2\/product\/370790\/revisions\/370792"}],"wp:featuredmedia":[{"embeddable":true,"href":"https:\/\/maisoncleo.com\/fr\/wp-json\/wp\/v2\/media\/371131"}],"wp:attachment":[{"href":"https:\/\/maisoncleo.com\/fr\/wp-json\/wp\/v2\/media?parent=370790"}],"wp:term":[{"taxonomy":"product_brand","embeddable":true,"href":"https:\/\/maisoncleo.com\/fr\/wp-json\/wp\/v2\/product_brand?post=370790"},{"taxonomy":"product_cat","embeddable":true,"href":"https:\/\/maisoncleo.com\/fr\/wp-json\/wp\/v2\/product_cat?post=370790"},{"taxonomy":"product_tag","embeddable":true,"href":"https:\/\/maisoncleo.com\/fr\/wp-json\/wp\/v2\/product_tag?post=370790"}],"curies":[{"name":"wp","href":"https:\/\/api.w.org\/{rel}","templated":true}]}}