{"id":370786,"date":"2024-10-07T11:44:34","date_gmt":"2024-10-07T09:44:34","guid":{"rendered":"https:\/\/maisoncleo.com\/?post_type=product&#038;p=370786"},"modified":"2024-10-09T09:12:35","modified_gmt":"2024-10-09T07:12:35","slug":"legging-long-leopard-petites-taches-laly","status":"publish","type":"product","link":"https:\/\/maisoncleo.com\/fr\/shop\/legging-long-leopard-petites-taches-laly\/","title":{"rendered":"Legging long leopard petites taches LALY"},"content":{"rendered":"<p><span style=\"font-weight: 400;\">Legging l\u00e9opard en jersey taille haute.<\/span><\/p>\n<p><span style=\"font-weight: 400;\">Bande \u00e9lastique \u00e0 la taille. Tissu \u00e9lastiqu\u00e9, coupe ajust\u00e9e. Tissu de motifs \u00e0 petites t\u00e2ches l\u00e9opard.<\/span><\/p>\n<p><span style=\"font-weight: 400;\">Parfait pour rester \u00e0 la maison, faire son yoga ou \u00e0 porter en dessous de son gros manteau d\u2019hiver.<\/span><\/p>\n<p><span style=\"font-weight: 400;\">Elastiques aux chevilles pour le maintenir dans vos chaussures.<\/span><\/p>\n<p><span style=\"font-weight: 400;\">La mod\u00e8le mesure 1,72 m.<\/span><\/p>\n","protected":false},"excerpt":{"rendered":"<p>Legging l\u00e9opard en jersey taille haute. Bande \u00e9lastique \u00e0 la taille. Tissu \u00e9lastiqu\u00e9, coupe ajust\u00e9e. Tissu de motifs \u00e0 petites t\u00e2ches l\u00e9opard.&hellip;<\/p>\n","protected":false},"featured_media":371119,"template":"","meta":[],"product_brand":[],"product_cat":[960,668,675,661],"product_tag":[],"class_list":{"0":"post-370786","1":"product","2":"type-product","3":"status-publish","4":"has-post-thumbnail","6":"product_cat-leopard-selection","7":"product_cat-capsule","8":"product_cat-pantalons-shorts","9":"product_cat-tout-voir","11":"first","12":"outofstock","13":"taxable","14":"shipping-taxable","15":"purchasable","16":"product-type-variable"},"_links":{"self":[{"href":"https:\/\/maisoncleo.com\/fr\/wp-json\/wp\/v2\/product\/370786","targetHints":{"allow":["GET"]}}],"collection":[{"href":"https:\/\/maisoncleo.com\/fr\/wp-json\/wp\/v2\/product"}],"about":[{"href":"https:\/\/maisoncleo.com\/fr\/wp-json\/wp\/v2\/types\/product"}],"version-history":[{"count":1,"href":"https:\/\/maisoncleo.com\/fr\/wp-json\/wp\/v2\/product\/370786\/revisions"}],"predecessor-version":[{"id":370788,"href":"https:\/\/maisoncleo.com\/fr\/wp-json\/wp\/v2\/product\/370786\/revisions\/370788"}],"wp:featuredmedia":[{"embeddable":true,"href":"https:\/\/maisoncleo.com\/fr\/wp-json\/wp\/v2\/media\/371119"}],"wp:attachment":[{"href":"https:\/\/maisoncleo.com\/fr\/wp-json\/wp\/v2\/media?parent=370786"}],"wp:term":[{"taxonomy":"product_brand","embeddable":true,"href":"https:\/\/maisoncleo.com\/fr\/wp-json\/wp\/v2\/product_brand?post=370786"},{"taxonomy":"product_cat","embeddable":true,"href":"https:\/\/maisoncleo.com\/fr\/wp-json\/wp\/v2\/product_cat?post=370786"},{"taxonomy":"product_tag","embeddable":true,"href":"https:\/\/maisoncleo.com\/fr\/wp-json\/wp\/v2\/product_tag?post=370786"}],"curies":[{"name":"wp","href":"https:\/\/api.w.org\/{rel}","templated":true}]}}