{"id":370777,"date":"2024-10-07T11:28:00","date_gmt":"2024-10-07T09:28:00","guid":{"rendered":"https:\/\/maisoncleo.com\/?post_type=product&#038;p=370777"},"modified":"2024-10-14T10:18:37","modified_gmt":"2024-10-14T08:18:37","slug":"top-sans-manche-nina-leopard-petites-taches","status":"publish","type":"product","link":"https:\/\/maisoncleo.com\/fr\/shop\/top-sans-manche-nina-leopard-petites-taches\/","title":{"rendered":"Top sans manche NINA leopard petites taches"},"content":{"rendered":"<p><span style=\"font-weight: 400;\">Top l\u00e9opard \u00e0 bretelles avec d\u00e9collet\u00e9 carr\u00e9.<\/span><\/p>\n<p><span style=\"font-weight: 400;\">Tissu \u00e9lastiqu\u00e9, coupe ajust\u00e9e. Tissu de motifs \u00e0 petites t\u00e2ches l\u00e9opard.<\/span><\/p>\n<p><span style=\"font-weight: 400;\">La mod\u00e8le mesure 1,72 m.<\/span><\/p>\n","protected":false},"excerpt":{"rendered":"<p>Top l\u00e9opard \u00e0 bretelles avec d\u00e9collet\u00e9 carr\u00e9. Tissu \u00e9lastiqu\u00e9, coupe ajust\u00e9e. Tissu de motifs \u00e0 petites t\u00e2ches l\u00e9opard. La mod\u00e8le mesure 1,72&hellip;<\/p>\n","protected":false},"featured_media":371088,"template":"","meta":[],"product_brand":[],"product_cat":[960,668,674,661],"product_tag":[],"class_list":{"0":"post-370777","1":"product","2":"type-product","3":"status-publish","4":"has-post-thumbnail","6":"product_cat-leopard-selection","7":"product_cat-capsule","8":"product_cat-tops","9":"product_cat-tout-voir","11":"first","12":"outofstock","13":"taxable","14":"shipping-taxable","15":"purchasable","16":"product-type-variable"},"_links":{"self":[{"href":"https:\/\/maisoncleo.com\/fr\/wp-json\/wp\/v2\/product\/370777","targetHints":{"allow":["GET"]}}],"collection":[{"href":"https:\/\/maisoncleo.com\/fr\/wp-json\/wp\/v2\/product"}],"about":[{"href":"https:\/\/maisoncleo.com\/fr\/wp-json\/wp\/v2\/types\/product"}],"version-history":[{"count":1,"href":"https:\/\/maisoncleo.com\/fr\/wp-json\/wp\/v2\/product\/370777\/revisions"}],"predecessor-version":[{"id":370779,"href":"https:\/\/maisoncleo.com\/fr\/wp-json\/wp\/v2\/product\/370777\/revisions\/370779"}],"wp:featuredmedia":[{"embeddable":true,"href":"https:\/\/maisoncleo.com\/fr\/wp-json\/wp\/v2\/media\/371088"}],"wp:attachment":[{"href":"https:\/\/maisoncleo.com\/fr\/wp-json\/wp\/v2\/media?parent=370777"}],"wp:term":[{"taxonomy":"product_brand","embeddable":true,"href":"https:\/\/maisoncleo.com\/fr\/wp-json\/wp\/v2\/product_brand?post=370777"},{"taxonomy":"product_cat","embeddable":true,"href":"https:\/\/maisoncleo.com\/fr\/wp-json\/wp\/v2\/product_cat?post=370777"},{"taxonomy":"product_tag","embeddable":true,"href":"https:\/\/maisoncleo.com\/fr\/wp-json\/wp\/v2\/product_tag?post=370777"}],"curies":[{"name":"wp","href":"https:\/\/api.w.org\/{rel}","templated":true}]}}