{"id":370773,"date":"2024-10-09T10:40:47","date_gmt":"2024-10-09T08:40:47","guid":{"rendered":"https:\/\/maisoncleo.com\/?post_type=product&#038;p=370773"},"modified":"2024-10-27T17:27:42","modified_gmt":"2024-10-27T15:27:42","slug":"jupe-teila-en-laine-a-carreaux-orange-bordeaux-et-rose","status":"publish","type":"product","link":"https:\/\/maisoncleo.com\/fr\/shop\/jupe-teila-en-laine-a-carreaux-orange-bordeaux-et-rose\/","title":{"rendered":"Jupe TEILA en laine \u00e0 carreaux orange bordeaux et rose"},"content":{"rendered":"<p><span style=\"font-weight: 400;\">Jupe trap\u00e8ze en laine \u00e0 carreaux.<\/span><\/p>\n<p><span style=\"font-weight: 400;\">Tons de orange, bordeaux, bleu et rose clair, fermeture \u00e9clair dans le dos.<\/span><\/p>\n<p><span style=\"font-weight: 400;\">Magnifique laine \u00e9paisse venant d\u2019une maison de Haute-Couture.<\/span><\/p>\n<p><span style=\"font-weight: 400;\">100% laine \u00e9paisse.<\/span><\/p>\n<p><span style=\"font-weight: 400;\">Longueur : 37 cm. La mod\u00e8le mesure 1,72 m.<\/span><\/p>\n","protected":false},"excerpt":{"rendered":"<p>Jupe trap\u00e8ze en laine \u00e0 carreaux. Tons de orange, bordeaux, bleu et rose clair, fermeture \u00e9clair dans le dos. Magnifique laine \u00e9paisse&hellip;<\/p>\n","protected":false},"featured_media":371068,"template":"","meta":[],"product_brand":[],"product_cat":[672,668,661],"product_tag":[],"class_list":{"0":"post-370773","1":"product","2":"type-product","3":"status-publish","4":"has-post-thumbnail","6":"product_cat-jupes","7":"product_cat-capsule","8":"product_cat-tout-voir","10":"first","11":"outofstock","12":"taxable","13":"shipping-taxable","14":"purchasable","15":"product-type-variable"},"_links":{"self":[{"href":"https:\/\/maisoncleo.com\/fr\/wp-json\/wp\/v2\/product\/370773","targetHints":{"allow":["GET"]}}],"collection":[{"href":"https:\/\/maisoncleo.com\/fr\/wp-json\/wp\/v2\/product"}],"about":[{"href":"https:\/\/maisoncleo.com\/fr\/wp-json\/wp\/v2\/types\/product"}],"version-history":[{"count":1,"href":"https:\/\/maisoncleo.com\/fr\/wp-json\/wp\/v2\/product\/370773\/revisions"}],"predecessor-version":[{"id":370775,"href":"https:\/\/maisoncleo.com\/fr\/wp-json\/wp\/v2\/product\/370773\/revisions\/370775"}],"wp:featuredmedia":[{"embeddable":true,"href":"https:\/\/maisoncleo.com\/fr\/wp-json\/wp\/v2\/media\/371068"}],"wp:attachment":[{"href":"https:\/\/maisoncleo.com\/fr\/wp-json\/wp\/v2\/media?parent=370773"}],"wp:term":[{"taxonomy":"product_brand","embeddable":true,"href":"https:\/\/maisoncleo.com\/fr\/wp-json\/wp\/v2\/product_brand?post=370773"},{"taxonomy":"product_cat","embeddable":true,"href":"https:\/\/maisoncleo.com\/fr\/wp-json\/wp\/v2\/product_cat?post=370773"},{"taxonomy":"product_tag","embeddable":true,"href":"https:\/\/maisoncleo.com\/fr\/wp-json\/wp\/v2\/product_tag?post=370773"}],"curies":[{"name":"wp","href":"https:\/\/api.w.org\/{rel}","templated":true}]}}