{"id":370572,"date":"2024-10-09T11:05:36","date_gmt":"2024-09-25T14:23:16","guid":{"rendered":"https:\/\/maisoncleo.com\/?post_type=product&#038;p=370572"},"modified":"2026-01-14T17:43:28","modified_gmt":"2026-01-14T15:43:28","slug":"carte-cadeau","status":"publish","type":"product","link":"https:\/\/maisoncleo.com\/fr\/shop\/carte-cadeau\/","title":{"rendered":"CARTE CADEAU"},"content":{"rendered":"<p>Les cartes-cadeaux sont envoy\u00e9es par e-mail avec des instructions sur la fa\u00e7on de les utiliser \u00e0 la caisse.<\/p>\n<p>Admissible \u00e0 une transaction.<\/p>\n<p>Peut \u00eatre compl\u00e9t\u00e9 par une autre m\u00e9thode de paiement.<\/p>\n<p>Aucun \u00e9change ou remboursement.<\/p>\n","protected":false},"excerpt":{"rendered":"<p>Les cartes-cadeaux sont envoy\u00e9es par e-mail avec des instructions sur la fa\u00e7on de les utiliser \u00e0 la caisse. Admissible \u00e0 une transaction.&hellip;<\/p>\n","protected":false},"featured_media":370605,"template":"","meta":[],"product_brand":[],"product_cat":[654,668,661],"product_tag":[],"class_list":{"0":"post-370572","1":"product","2":"type-product","3":"status-publish","4":"has-post-thumbnail","6":"product_cat-carte-cadeau","7":"product_cat-capsule","8":"product_cat-tout-voir","10":"first","11":"instock","12":"purchasable","13":"product-type-variable"},"_links":{"self":[{"href":"https:\/\/maisoncleo.com\/fr\/wp-json\/wp\/v2\/product\/370572","targetHints":{"allow":["GET"]}}],"collection":[{"href":"https:\/\/maisoncleo.com\/fr\/wp-json\/wp\/v2\/product"}],"about":[{"href":"https:\/\/maisoncleo.com\/fr\/wp-json\/wp\/v2\/types\/product"}],"version-history":[{"count":2,"href":"https:\/\/maisoncleo.com\/fr\/wp-json\/wp\/v2\/product\/370572\/revisions"}],"predecessor-version":[{"id":370590,"href":"https:\/\/maisoncleo.com\/fr\/wp-json\/wp\/v2\/product\/370572\/revisions\/370590"}],"wp:featuredmedia":[{"embeddable":true,"href":"https:\/\/maisoncleo.com\/fr\/wp-json\/wp\/v2\/media\/370605"}],"wp:attachment":[{"href":"https:\/\/maisoncleo.com\/fr\/wp-json\/wp\/v2\/media?parent=370572"}],"wp:term":[{"taxonomy":"product_brand","embeddable":true,"href":"https:\/\/maisoncleo.com\/fr\/wp-json\/wp\/v2\/product_brand?post=370572"},{"taxonomy":"product_cat","embeddable":true,"href":"https:\/\/maisoncleo.com\/fr\/wp-json\/wp\/v2\/product_cat?post=370572"},{"taxonomy":"product_tag","embeddable":true,"href":"https:\/\/maisoncleo.com\/fr\/wp-json\/wp\/v2\/product_tag?post=370572"}],"curies":[{"name":"wp","href":"https:\/\/api.w.org\/{rel}","templated":true}]}}